{"id":10179,"date":"2021-02-17T16:57:07","date_gmt":"2021-02-17T15:57:07","guid":{"rendered":"https:\/\/ferranporta.eu\/?page_id=10179"},"modified":"2024-02-19T17:10:17","modified_gmt":"2024-02-19T15:10:17","slug":"communication","status":"publish","type":"page","link":"https:\/\/ferranporta.eu\/de\/communication\/","title":{"rendered":"Die Kunst der Kommunikation"},"content":{"rendered":"<p><span style=\"color: #000000;\">Seit 2011 wirke ich als freier Journalist, sowohl f\u00fcr spanische bzw. katalanische als auch internationale Kunden. Eine entsprechende Ausbildung und langj\u00e4hrige Berufserfahrung bilden die Grundlagen meiner Arbeit. Leidenschaft geh\u00f6rt definitiv auch dazu. Vor allem seitdem ich mich 2007 in Berlin niederlie\u00df, sind meine Deutschkenntnisse sowie meine Kontakte in Deutschland ein klarer Vorteil.<\/span><\/p>\n<p><span style=\"color: #000000;\">Dem deutschprachigen Raum eine Stimme in der spanischsprachigen Welt zu verleihen, ist nur eine von diversen M\u00f6glichkeiten f\u00fcr eine Zusammenarbeit. Ich kenne sozusagen &#8218;Sender&#8216; wie &#8218;Empf\u00e4nger&#8216;<\/span><span style=\"color: #000000;\">!<\/span><\/p>\n<p><span style=\"color: #000000;\">\u2611 <span style=\"color: #008000;\"><strong>Webseiten und Blogs, soziale Netzwerke, Newsletters<\/strong><\/span> sind grundlegende &#8218;Tools&#8216;, um eine Botschaft in die Welt zu tragen. Was z\u00e4hlt, sind <\/span><span style=\"color: #000000;\">\ud83d\udc49 informative und attraktive Inhalte sowie \ud83d\udc49 eine wirksame Kommunikationsstrategie.<\/span><\/p>\n<p><span style=\"color: #000000;\">\u2611 <span style=\"color: #008000;\"><strong>Verfassen von Artikeln, Berichten und Pressemitteilungen<\/strong><\/span>. Dokumentation, Recherche vor Ort und an der Tastatur!<\/span><\/p>\n<p><span style=\"color: #000000;\">\u2611 <span style=\"color: #008000;\"><strong>Management und Durchf\u00fchrung von Interviews<\/strong><\/span> in Papierform oder Online<b>.<\/b><\/span><\/p>\n<p><span style=\"color: #000000;\">\u2611 <span style=\"color: #008000;\"><strong>Unternehmensbrosch\u00fcren und -kataloge<\/strong><\/span>. Tragen Sie sich mit dem Gedanken, neues Material f\u00fcr oder \u00fcber Ihr Unternehmen herzustellen<\/span><span style=\"color: #000000;\">?<\/span><\/p>\n<p><span style=\"color: #000000;\">\u2611 <span style=\"color: #008000;\"><strong>Informationsmaterial im Bereich Kultur<\/strong><\/span>, etwa f\u00fcr Museen, kulturelle Einrichtungen oder Verlage.<\/span><\/p>\n<p><span style=\"color: #000000;\">F\u00fcr Auskunft oder Vorschl\u00e4ge schreiben Sie bitte an \ud83d\udce7 <a href=\"mailto:ferran.porta@periodistes.org\" target=\"_blank\" rel=\"noopener\">ferran.porta@periodistes.org<\/a>.<\/span><\/p>\n<p><iframe src=\"https:\/\/youtube.com\/embed\/zJWRpVSguis\" width=\"480\" height=\"270\" frameborder=\"0\"><\/iframe><\/p>\n<p><span style=\"color: #808000;\"><em>In der Fernsehsendung Passaport BCN, die f\u00fcr den Sender <\/em><\/span><span style=\"color: #808000;\"><em><a href=\"https:\/\/beteve.cat\/\" target=\"_blank\" rel=\"noopener\">betev\u00e9<\/a> in Berlin gedreht wurde, erkl\u00e4re ich, was Stolpersteine sind und welche Bedeutung sie f\u00fcr die Bem\u00fchungen haben, die Opfer des Nationalsozialismus sichtbar zu machen und sie zu w\u00fcrdigen<\/em><\/span><span style=\"color: #808000;\"><em>.<\/em><\/span><\/p>\n<p style=\"margin-right: 40px;\"><span style=\"color: #808000;\"><em>Ein Projekt ohne erkennbares Ende \u2013 inzwischen existieren bereits \u00fcber 75.000 Stolpersteine in und au\u00dferhalb von Europa (Stand: Jahr 2021).<\/em><\/span><\/p>\n<p><\/p>","protected":false},"excerpt":{"rendered":"<p>Seit 2011 wirke ich als freier Journalist, sowohl f\u00fcr spanische bzw. katalanische als auch internationale Kunden. Eine entsprechende Ausbildung und langj\u00e4hrige Berufserfahrung bilden die Grundlagen meiner Arbeit. Leidenschaft geh\u00f6rt definitiv auch dazu. Vor allem seitdem ich mich 2007 in Berlin niederlie\u00df, sind meine Deutschkenntnisse sowie meine Kontakte in Deutschland ein klarer Vorteil. Dem deutschprachigen Raum&hellip;&nbsp;<a href=\"https:\/\/ferranporta.eu\/de\/communication\/\" class=\"\" rel=\"bookmark\">Weiterlesen &raquo;<span class=\"screen-reader-text\">Die Kunst der Kommunikation<\/span><\/a><\/p>\n","protected":false},"author":1,"featured_media":0,"parent":0,"menu_order":8,"comment_status":"closed","ping_status":"closed","template":"","meta":{"_monsterinsights_skip_tracking":false,"_monsterinsights_sitenote_active":false,"_monsterinsights_sitenote_note":"","_monsterinsights_sitenote_category":0,"neve_meta_sidebar":"","neve_meta_container":"","neve_meta_enable_content_width":"off","neve_meta_content_width":100,"neve_meta_title_alignment":"","neve_meta_author_avatar":"","neve_post_elements_order":"","neve_meta_disable_header":"","neve_meta_disable_footer":"","neve_meta_disable_title":"","footnotes":"","_joinchat":[]},"yoast_head":"<!-- This site is optimized with the Yoast SEO plugin v23.5 - https:\/\/yoast.com\/wordpress\/plugins\/seo\/ -->\n<title>Die Kunst der Kommunikation - ferranporta.eu<\/title>\n<meta name=\"robots\" content=\"index, follow, max-snippet:-1, max-image-preview:large, max-video-preview:-1\" \/>\n<link rel=\"canonical\" href=\"https:\/\/ferranporta.eu\/communication\/\" \/>\n<meta property=\"og:locale\" content=\"de_DE\" \/>\n<meta property=\"og:type\" content=\"article\" \/>\n<meta property=\"og:title\" content=\"[:CA]L&#039;art de la comunicaci\u00f3[:es]El arte de la comunicaci\u00f3n[:de]Die Kunst der Kommunikation[:en]The art of communication[:] - ferranporta.eu\" \/>\n<meta property=\"og:description\" content=\"Seit 2011 wirke ich als freier Journalist, sowohl f\u00fcr spanische bzw. katalanische als auch internationale Kunden. Eine entsprechende Ausbildung und langj\u00e4hrige Berufserfahrung bilden die Grundlagen meiner Arbeit. Leidenschaft geh\u00f6rt definitiv auch dazu. Vor allem seitdem ich mich 2007 in Berlin niederlie\u00df, sind meine Deutschkenntnisse sowie meine Kontakte in Deutschland ein klarer Vorteil. Dem deutschprachigen Raum&hellip;&nbsp;Weiterlesen &raquo;Die Kunst der Kommunikation\" \/>\n<meta property=\"og:url\" content=\"https:\/\/ferranporta.eu\/communication\/\" \/>\n<meta property=\"og:site_name\" content=\"ferranporta.eu\" \/>\n<meta property=\"article:modified_time\" content=\"2024-02-19T15:10:17+00:00\" \/>\n<meta name=\"twitter:card\" content=\"summary_large_image\" \/>\n<meta name=\"twitter:label1\" content=\"Gesch\u00e4tzte Lesezeit\" \/>\n\t<meta name=\"twitter:data1\" content=\"2 Minuten\" \/>\n<script type=\"application\/ld+json\" class=\"yoast-schema-graph\">{\"@context\":\"https:\/\/schema.org\",\"@graph\":[{\"@type\":\"WebPage\",\"@id\":\"https:\/\/ferranporta.eu\/communication\/\",\"url\":\"https:\/\/ferranporta.eu\/communication\/\",\"name\":\"[:CA]L'art de la comunicaci\u00f3[:es]El arte de la comunicaci\u00f3n[:de]Die Kunst der Kommunikation[:en]The art of communication[:] - ferranporta.eu\",\"isPartOf\":{\"@id\":\"https:\/\/ferranporta.eu\/de\/#website\"},\"datePublished\":\"2021-02-17T15:57:07+00:00\",\"dateModified\":\"2024-02-19T15:10:17+00:00\",\"breadcrumb\":{\"@id\":\"https:\/\/ferranporta.eu\/communication\/#breadcrumb\"},\"inLanguage\":\"de-DE\",\"potentialAction\":[{\"@type\":\"ReadAction\",\"target\":[\"https:\/\/ferranporta.eu\/communication\/\"]}]},{\"@type\":\"BreadcrumbList\",\"@id\":\"https:\/\/ferranporta.eu\/communication\/#breadcrumb\",\"itemListElement\":[{\"@type\":\"ListItem\",\"position\":1,\"name\":\"Home\",\"item\":\"https:\/\/ferranporta.eu\/\"},{\"@type\":\"ListItem\",\"position\":2,\"name\":\"L&#8217;art de la comunicaci\u00f3\"}]},{\"@type\":\"WebSite\",\"@id\":\"https:\/\/ferranporta.eu\/de\/#website\",\"url\":\"https:\/\/ferranporta.eu\/de\/\",\"name\":\"ferranporta.eu\",\"description\":\"Journalist mit Abschluss in Tourismus\",\"potentialAction\":[{\"@type\":\"SearchAction\",\"target\":{\"@type\":\"EntryPoint\",\"urlTemplate\":\"https:\/\/ferranporta.eu\/de\/?s={search_term_string}\"},\"query-input\":{\"@type\":\"PropertyValueSpecification\",\"valueRequired\":true,\"valueName\":\"search_term_string\"}}],\"inLanguage\":\"de-DE\"}]}<\/script>\n<!-- \/ Yoast SEO plugin. -->","yoast_head_json":{"title":"[:CA]L'art de la comunicaci\u00f3[:es]El arte de la comunicaci\u00f3n[:de]Die Kunst der Kommunikation[:en]The art of communication[:] - ferranporta.eu","robots":{"index":"index","follow":"follow","max-snippet":"max-snippet:-1","max-image-preview":"max-image-preview:large","max-video-preview":"max-video-preview:-1"},"canonical":"https:\/\/ferranporta.eu\/communication\/","og_locale":"de_DE","og_type":"article","og_title":"[:CA]L'art de la comunicaci\u00f3[:es]El arte de la comunicaci\u00f3n[:de]Die Kunst der Kommunikation[:en]The art of communication[:] - ferranporta.eu","og_description":"Seit 2011 wirke ich als freier Journalist, sowohl f\u00fcr spanische bzw. katalanische als auch internationale Kunden. Eine entsprechende Ausbildung und langj\u00e4hrige Berufserfahrung bilden die Grundlagen meiner Arbeit. Leidenschaft geh\u00f6rt definitiv auch dazu. Vor allem seitdem ich mich 2007 in Berlin niederlie\u00df, sind meine Deutschkenntnisse sowie meine Kontakte in Deutschland ein klarer Vorteil. Dem deutschprachigen Raum&hellip;&nbsp;Weiterlesen &raquo;Die Kunst der Kommunikation","og_url":"https:\/\/ferranporta.eu\/communication\/","og_site_name":"ferranporta.eu","article_modified_time":"2024-02-19T15:10:17+00:00","twitter_card":"summary_large_image","twitter_misc":{"Gesch\u00e4tzte Lesezeit":"2 Minuten"},"schema":{"@context":"https:\/\/schema.org","@graph":[{"@type":"WebPage","@id":"https:\/\/ferranporta.eu\/communication\/","url":"https:\/\/ferranporta.eu\/communication\/","name":"[:CA]L'art de la comunicaci\u00f3[:es]El arte de la comunicaci\u00f3n[:de]Die Kunst der Kommunikation[:en]The art of communication[:] - ferranporta.eu","isPartOf":{"@id":"https:\/\/ferranporta.eu\/de\/#website"},"datePublished":"2021-02-17T15:57:07+00:00","dateModified":"2024-02-19T15:10:17+00:00","breadcrumb":{"@id":"https:\/\/ferranporta.eu\/communication\/#breadcrumb"},"inLanguage":"de-DE","potentialAction":[{"@type":"ReadAction","target":["https:\/\/ferranporta.eu\/communication\/"]}]},{"@type":"BreadcrumbList","@id":"https:\/\/ferranporta.eu\/communication\/#breadcrumb","itemListElement":[{"@type":"ListItem","position":1,"name":"Home","item":"https:\/\/ferranporta.eu\/"},{"@type":"ListItem","position":2,"name":"L&#8217;art de la comunicaci\u00f3"}]},{"@type":"WebSite","@id":"https:\/\/ferranporta.eu\/de\/#website","url":"https:\/\/ferranporta.eu\/de\/","name":"ferranporta.eu","description":"Journalist mit Abschluss in Tourismus","potentialAction":[{"@type":"SearchAction","target":{"@type":"EntryPoint","urlTemplate":"https:\/\/ferranporta.eu\/de\/?s={search_term_string}"},"query-input":{"@type":"PropertyValueSpecification","valueRequired":true,"valueName":"search_term_string"}}],"inLanguage":"de-DE"}]}},"_links":{"self":[{"href":"https:\/\/ferranporta.eu\/de\/wp-json\/wp\/v2\/pages\/10179"}],"collection":[{"href":"https:\/\/ferranporta.eu\/de\/wp-json\/wp\/v2\/pages"}],"about":[{"href":"https:\/\/ferranporta.eu\/de\/wp-json\/wp\/v2\/types\/page"}],"author":[{"embeddable":true,"href":"https:\/\/ferranporta.eu\/de\/wp-json\/wp\/v2\/users\/1"}],"replies":[{"embeddable":true,"href":"https:\/\/ferranporta.eu\/de\/wp-json\/wp\/v2\/comments?post=10179"}],"version-history":[{"count":55,"href":"https:\/\/ferranporta.eu\/de\/wp-json\/wp\/v2\/pages\/10179\/revisions"}],"predecessor-version":[{"id":12273,"href":"https:\/\/ferranporta.eu\/de\/wp-json\/wp\/v2\/pages\/10179\/revisions\/12273"}],"wp:attachment":[{"href":"https:\/\/ferranporta.eu\/de\/wp-json\/wp\/v2\/media?parent=10179"}],"curies":[{"name":"wp","href":"https:\/\/api.w.org\/{rel}","templated":true}]}}