{"id":2462,"date":"2012-05-11T22:05:29","date_gmt":"2012-05-11T21:05:29","guid":{"rendered":"http:\/\/itineri.de\/?page_id=2462"},"modified":"2024-02-19T17:38:44","modified_gmt":"2024-02-19T15:38:44","slug":"berlin-museos","status":"publish","type":"page","link":"https:\/\/ferranporta.eu\/de\/tourism\/itineri-de\/berlin-museos\/","title":{"rendered":"Berlin \u2013 Museen"},"content":{"rendered":"<p><span style=\"color: #000000;\"><strong>itineri.de<\/strong> bietet Stadtf\u00fchrungen auf Spanisch und Katalanisch an \u2013 was f\u00fcr deutschsprachige Touristen weniger von Interesse ist. Interessant sind hingegen die weiterf\u00fchrenden Informationen unten. Viel Spa\u00df bei Ihrem n\u00e4chsten Berlin-Besuch!<\/span><\/p>\n<p><iframe src=\"https:\/\/www.youtube.com\/embed\/AB8zsBH1rP8\" width=\"480\" height=\"270\" frameborder=\"0\" allowfullscreen=\"allowfullscreen\"><\/iframe><\/p>\n<h4><span style=\"color: #ff6600;\">Profil der Staatlichen Museen zu Berlin<\/span><\/h4>\n<p><span style=\"color: #000000;\">Die Staatlichen Museen zu Berlin geh\u00f6ren zusammen mit der Staatsbibliothek, dem Geheimen Staatsarchiv, dem Ibero-Amerikanischen Institut und dem Staatlichen Institut f\u00fcr Musikforschung mit dem Musikinstrumenten-Museum zur Stiftung Preu\u00dfischer Kulturbesitz. Die Stiftung wurde 1957 gegr\u00fcndet, um die Kulturg\u00fcter des ehemaligen Staates Preu\u00dfen zu bewahren und zu erg\u00e4nzen. Tr\u00e4ger der Stiftung Preu\u00dfischer Kulturbesitz sind der Bund und alle 16 Bundesl\u00e4nder.<\/span><\/p>\n<p><span style=\"color: #000000;\">Diese und weitere Informationen finden Sie auf<\/span> <a href=\"https:\/\/www.smb.museum\/home\/\" target=\"_blank\" rel=\"noopener\">smb.museum<\/a><span style=\"color: #000000;\">.<\/span><\/p>","protected":false},"excerpt":{"rendered":"<p>itineri.de bietet Stadtf\u00fchrungen auf Spanisch und Katalanisch an \u2013 was f\u00fcr deutschsprachige Touristen weniger von Interesse ist. Interessant sind hingegen die weiterf\u00fchrenden Informationen unten. Viel Spa\u00df bei Ihrem n\u00e4chsten Berlin-Besuch! Profil der Staatlichen Museen zu Berlin Die Staatlichen Museen zu Berlin geh\u00f6ren zusammen mit der Staatsbibliothek, dem Geheimen Staatsarchiv, dem Ibero-Amerikanischen Institut und dem Staatlichen&hellip;&nbsp;<a href=\"https:\/\/ferranporta.eu\/de\/tourism\/itineri-de\/berlin-museos\/\" class=\"\" rel=\"bookmark\">Weiterlesen &raquo;<span class=\"screen-reader-text\">Berlin \u2013 Museen<\/span><\/a><\/p>\n","protected":false},"author":1,"featured_media":6193,"parent":8923,"menu_order":3,"comment_status":"closed","ping_status":"closed","template":"","meta":{"_monsterinsights_skip_tracking":false,"_monsterinsights_sitenote_active":false,"_monsterinsights_sitenote_note":"","_monsterinsights_sitenote_category":0,"neve_meta_sidebar":"","neve_meta_container":"","neve_meta_enable_content_width":"off","neve_meta_content_width":70,"neve_meta_title_alignment":"","neve_meta_author_avatar":"","neve_post_elements_order":"","neve_meta_disable_header":"","neve_meta_disable_footer":"","neve_meta_disable_title":"","footnotes":"","_joinchat":[]},"yoast_head":"<!-- This site is optimized with the Yoast SEO plugin v23.5 - https:\/\/yoast.com\/wordpress\/plugins\/seo\/ -->\n<title>Berlin \u2013 Museen - ferranporta.eu<\/title>\n<meta name=\"robots\" content=\"index, follow, max-snippet:-1, max-image-preview:large, max-video-preview:-1\" \/>\n<link rel=\"canonical\" href=\"https:\/\/ferranporta.eu\/tourism\/itineri-de\/berlin-museos\/\" \/>\n<meta property=\"og:locale\" content=\"de_DE\" \/>\n<meta property=\"og:type\" content=\"article\" \/>\n<meta property=\"og:title\" content=\"[:CA]Berl\u00edn \u2013 Museus[:es]Berl\u00edn \u2013 Museos[:de]Berlin \u2013 Museen[:en]Berlin \u2013 Museums[:EU]Berl\u00edn - Museoak[:fr]Berlin - Mus\u00e9es[:it]Berlino - Musei[:pt]Berlim - Museus[:] - ferranporta.eu\" \/>\n<meta property=\"og:description\" content=\"itineri.de bietet Stadtf\u00fchrungen auf Spanisch und Katalanisch an \u2013 was f\u00fcr deutschsprachige Touristen weniger von Interesse ist. Interessant sind hingegen die weiterf\u00fchrenden Informationen unten. Viel Spa\u00df bei Ihrem n\u00e4chsten Berlin-Besuch! Profil der Staatlichen Museen zu Berlin Die Staatlichen Museen zu Berlin geh\u00f6ren zusammen mit der Staatsbibliothek, dem Geheimen Staatsarchiv, dem Ibero-Amerikanischen Institut und dem Staatlichen&hellip;&nbsp;Weiterlesen &raquo;Berlin \u2013 Museen\" \/>\n<meta property=\"og:url\" content=\"https:\/\/ferranporta.eu\/tourism\/itineri-de\/berlin-museos\/\" \/>\n<meta property=\"og:site_name\" content=\"ferranporta.eu\" \/>\n<meta property=\"article:modified_time\" content=\"2024-02-19T15:38:44+00:00\" \/>\n<meta property=\"og:image\" content=\"https:\/\/ferranporta.eu\/wp-content\/uploads\/2017\/06\/03.-Berlin-museus.jpg\" \/>\n\t<meta property=\"og:image:width\" content=\"700\" \/>\n\t<meta property=\"og:image:height\" content=\"700\" \/>\n\t<meta property=\"og:image:type\" content=\"image\/jpeg\" \/>\n<meta name=\"twitter:card\" content=\"summary_large_image\" \/>\n<meta name=\"twitter:label1\" content=\"Gesch\u00e4tzte Lesezeit\" \/>\n\t<meta name=\"twitter:data1\" content=\"2 Minuten\" \/>\n<script type=\"application\/ld+json\" class=\"yoast-schema-graph\">{\"@context\":\"https:\/\/schema.org\",\"@graph\":[{\"@type\":\"WebPage\",\"@id\":\"https:\/\/ferranporta.eu\/tourism\/itineri-de\/berlin-museos\/\",\"url\":\"https:\/\/ferranporta.eu\/tourism\/itineri-de\/berlin-museos\/\",\"name\":\"[:CA]Berl\u00edn \u2013 Museus[:es]Berl\u00edn \u2013 Museos[:de]Berlin \u2013 Museen[:en]Berlin \u2013 Museums[:EU]Berl\u00edn - Museoak[:fr]Berlin - Mus\u00e9es[:it]Berlino - Musei[:pt]Berlim - Museus[:] - ferranporta.eu\",\"isPartOf\":{\"@id\":\"https:\/\/ferranporta.eu\/de\/#website\"},\"primaryImageOfPage\":{\"@id\":\"https:\/\/ferranporta.eu\/tourism\/itineri-de\/berlin-museos\/#primaryimage\"},\"image\":{\"@id\":\"https:\/\/ferranporta.eu\/tourism\/itineri-de\/berlin-museos\/#primaryimage\"},\"thumbnailUrl\":\"https:\/\/ferranporta.eu\/wp-content\/uploads\/2017\/06\/03.-Berlin-museus.jpg\",\"datePublished\":\"2012-05-11T21:05:29+00:00\",\"dateModified\":\"2024-02-19T15:38:44+00:00\",\"breadcrumb\":{\"@id\":\"https:\/\/ferranporta.eu\/tourism\/itineri-de\/berlin-museos\/#breadcrumb\"},\"inLanguage\":\"de-DE\",\"potentialAction\":[{\"@type\":\"ReadAction\",\"target\":[\"https:\/\/ferranporta.eu\/tourism\/itineri-de\/berlin-museos\/\"]}]},{\"@type\":\"ImageObject\",\"inLanguage\":\"de-DE\",\"@id\":\"https:\/\/ferranporta.eu\/tourism\/itineri-de\/berlin-museos\/#primaryimage\",\"url\":\"https:\/\/ferranporta.eu\/wp-content\/uploads\/2017\/06\/03.-Berlin-museus.jpg\",\"contentUrl\":\"https:\/\/ferranporta.eu\/wp-content\/uploads\/2017\/06\/03.-Berlin-museus.jpg\",\"width\":700,\"height\":700},{\"@type\":\"BreadcrumbList\",\"@id\":\"https:\/\/ferranporta.eu\/tourism\/itineri-de\/berlin-museos\/#breadcrumb\",\"itemListElement\":[{\"@type\":\"ListItem\",\"position\":1,\"name\":\"Home\",\"item\":\"https:\/\/ferranporta.eu\/\"},{\"@type\":\"ListItem\",\"position\":2,\"name\":\"Un m\u00f3n per descobrir\",\"item\":\"https:\/\/ferranporta.eu\/tourism\/\"},{\"@type\":\"ListItem\",\"position\":3,\"name\":\"itineri.de\",\"item\":\"https:\/\/ferranporta.eu\/tourism\/itineri-de\/\"},{\"@type\":\"ListItem\",\"position\":4,\"name\":\"Berl\u00edn \u2013 Museus\"}]},{\"@type\":\"WebSite\",\"@id\":\"https:\/\/ferranporta.eu\/de\/#website\",\"url\":\"https:\/\/ferranporta.eu\/de\/\",\"name\":\"ferranporta.eu\",\"description\":\"Journalist mit Abschluss in Tourismus\",\"potentialAction\":[{\"@type\":\"SearchAction\",\"target\":{\"@type\":\"EntryPoint\",\"urlTemplate\":\"https:\/\/ferranporta.eu\/de\/?s={search_term_string}\"},\"query-input\":{\"@type\":\"PropertyValueSpecification\",\"valueRequired\":true,\"valueName\":\"search_term_string\"}}],\"inLanguage\":\"de-DE\"}]}<\/script>\n<!-- \/ Yoast SEO plugin. -->","yoast_head_json":{"title":"[:CA]Berl\u00edn \u2013 Museus[:es]Berl\u00edn \u2013 Museos[:de]Berlin \u2013 Museen[:en]Berlin \u2013 Museums[:EU]Berl\u00edn - Museoak[:fr]Berlin - Mus\u00e9es[:it]Berlino - Musei[:pt]Berlim - Museus[:] - ferranporta.eu","robots":{"index":"index","follow":"follow","max-snippet":"max-snippet:-1","max-image-preview":"max-image-preview:large","max-video-preview":"max-video-preview:-1"},"canonical":"https:\/\/ferranporta.eu\/tourism\/itineri-de\/berlin-museos\/","og_locale":"de_DE","og_type":"article","og_title":"[:CA]Berl\u00edn \u2013 Museus[:es]Berl\u00edn \u2013 Museos[:de]Berlin \u2013 Museen[:en]Berlin \u2013 Museums[:EU]Berl\u00edn - Museoak[:fr]Berlin - Mus\u00e9es[:it]Berlino - Musei[:pt]Berlim - Museus[:] - ferranporta.eu","og_description":"itineri.de bietet Stadtf\u00fchrungen auf Spanisch und Katalanisch an \u2013 was f\u00fcr deutschsprachige Touristen weniger von Interesse ist. Interessant sind hingegen die weiterf\u00fchrenden Informationen unten. Viel Spa\u00df bei Ihrem n\u00e4chsten Berlin-Besuch! Profil der Staatlichen Museen zu Berlin Die Staatlichen Museen zu Berlin geh\u00f6ren zusammen mit der Staatsbibliothek, dem Geheimen Staatsarchiv, dem Ibero-Amerikanischen Institut und dem Staatlichen&hellip;&nbsp;Weiterlesen &raquo;Berlin \u2013 Museen","og_url":"https:\/\/ferranporta.eu\/tourism\/itineri-de\/berlin-museos\/","og_site_name":"ferranporta.eu","article_modified_time":"2024-02-19T15:38:44+00:00","og_image":[{"width":700,"height":700,"url":"https:\/\/ferranporta.eu\/wp-content\/uploads\/2017\/06\/03.-Berlin-museus.jpg","type":"image\/jpeg"}],"twitter_card":"summary_large_image","twitter_misc":{"Gesch\u00e4tzte Lesezeit":"2 Minuten"},"schema":{"@context":"https:\/\/schema.org","@graph":[{"@type":"WebPage","@id":"https:\/\/ferranporta.eu\/tourism\/itineri-de\/berlin-museos\/","url":"https:\/\/ferranporta.eu\/tourism\/itineri-de\/berlin-museos\/","name":"[:CA]Berl\u00edn \u2013 Museus[:es]Berl\u00edn \u2013 Museos[:de]Berlin \u2013 Museen[:en]Berlin \u2013 Museums[:EU]Berl\u00edn - Museoak[:fr]Berlin - Mus\u00e9es[:it]Berlino - Musei[:pt]Berlim - Museus[:] - ferranporta.eu","isPartOf":{"@id":"https:\/\/ferranporta.eu\/de\/#website"},"primaryImageOfPage":{"@id":"https:\/\/ferranporta.eu\/tourism\/itineri-de\/berlin-museos\/#primaryimage"},"image":{"@id":"https:\/\/ferranporta.eu\/tourism\/itineri-de\/berlin-museos\/#primaryimage"},"thumbnailUrl":"https:\/\/ferranporta.eu\/wp-content\/uploads\/2017\/06\/03.-Berlin-museus.jpg","datePublished":"2012-05-11T21:05:29+00:00","dateModified":"2024-02-19T15:38:44+00:00","breadcrumb":{"@id":"https:\/\/ferranporta.eu\/tourism\/itineri-de\/berlin-museos\/#breadcrumb"},"inLanguage":"de-DE","potentialAction":[{"@type":"ReadAction","target":["https:\/\/ferranporta.eu\/tourism\/itineri-de\/berlin-museos\/"]}]},{"@type":"ImageObject","inLanguage":"de-DE","@id":"https:\/\/ferranporta.eu\/tourism\/itineri-de\/berlin-museos\/#primaryimage","url":"https:\/\/ferranporta.eu\/wp-content\/uploads\/2017\/06\/03.-Berlin-museus.jpg","contentUrl":"https:\/\/ferranporta.eu\/wp-content\/uploads\/2017\/06\/03.-Berlin-museus.jpg","width":700,"height":700},{"@type":"BreadcrumbList","@id":"https:\/\/ferranporta.eu\/tourism\/itineri-de\/berlin-museos\/#breadcrumb","itemListElement":[{"@type":"ListItem","position":1,"name":"Home","item":"https:\/\/ferranporta.eu\/"},{"@type":"ListItem","position":2,"name":"Un m\u00f3n per descobrir","item":"https:\/\/ferranporta.eu\/tourism\/"},{"@type":"ListItem","position":3,"name":"itineri.de","item":"https:\/\/ferranporta.eu\/tourism\/itineri-de\/"},{"@type":"ListItem","position":4,"name":"Berl\u00edn \u2013 Museus"}]},{"@type":"WebSite","@id":"https:\/\/ferranporta.eu\/de\/#website","url":"https:\/\/ferranporta.eu\/de\/","name":"ferranporta.eu","description":"Journalist mit Abschluss in Tourismus","potentialAction":[{"@type":"SearchAction","target":{"@type":"EntryPoint","urlTemplate":"https:\/\/ferranporta.eu\/de\/?s={search_term_string}"},"query-input":{"@type":"PropertyValueSpecification","valueRequired":true,"valueName":"search_term_string"}}],"inLanguage":"de-DE"}]}},"_links":{"self":[{"href":"https:\/\/ferranporta.eu\/de\/wp-json\/wp\/v2\/pages\/2462"}],"collection":[{"href":"https:\/\/ferranporta.eu\/de\/wp-json\/wp\/v2\/pages"}],"about":[{"href":"https:\/\/ferranporta.eu\/de\/wp-json\/wp\/v2\/types\/page"}],"author":[{"embeddable":true,"href":"https:\/\/ferranporta.eu\/de\/wp-json\/wp\/v2\/users\/1"}],"replies":[{"embeddable":true,"href":"https:\/\/ferranporta.eu\/de\/wp-json\/wp\/v2\/comments?post=2462"}],"version-history":[{"count":76,"href":"https:\/\/ferranporta.eu\/de\/wp-json\/wp\/v2\/pages\/2462\/revisions"}],"predecessor-version":[{"id":12278,"href":"https:\/\/ferranporta.eu\/de\/wp-json\/wp\/v2\/pages\/2462\/revisions\/12278"}],"up":[{"embeddable":true,"href":"https:\/\/ferranporta.eu\/de\/wp-json\/wp\/v2\/pages\/8923"}],"wp:featuredmedia":[{"embeddable":true,"href":"https:\/\/ferranporta.eu\/de\/wp-json\/wp\/v2\/media\/6193"}],"wp:attachment":[{"href":"https:\/\/ferranporta.eu\/de\/wp-json\/wp\/v2\/media?parent=2462"}],"curies":[{"name":"wp","href":"https:\/\/api.w.org\/{rel}","templated":true}]}}