{"id":6566,"date":"2018-10-06T12:38:43","date_gmt":"2018-10-06T11:38:43","guid":{"rendered":"http:\/\/ferranporta.eu\/?page_id=6566"},"modified":"2024-05-06T18:45:01","modified_gmt":"2024-05-06T16:45:01","slug":"katalonien-tourismus","status":"publish","type":"page","link":"https:\/\/ferranporta.eu\/de\/communication\/katalonien-tourismus\/","title":{"rendered":"Katalonien-Tourismus"},"content":{"rendered":"<p><span style=\"color: #000000;\">Von 2014 bis Ende 2023 arbeitete ich f\u00fcr die in Frankfurt am Main ans\u00e4ssige Deutschlandvertretung von Katalonien-Tourismus. Mehrmals in der Woche verfasste ich Beitr\u00e4ge f\u00fcr die<\/span> <a href=\"https:\/\/www.facebook.com\/catalunyaexperience.de\" target=\"_blank\" rel=\"noopener\">Facebook-Seite<\/a> <span style=\"color: #000000;\">sowie Artikel f\u00fcr die Webseite<\/span> <a href=\"https:\/\/katalonien-tourismus.de\/\" target=\"_blank\" rel=\"noopener\">Katalonien-Tourismus<\/a><span style=\"color: #000000;\">. Dar\u00fcber hinaus war ich f\u00fcr einen Newsletter verantwortlich, der sich an Reiseagenturen aus dem deutschsprachigen Raum richtete. Seit 2021 erfolgt diese Zusammenarbeit nur noch sporadisch.<\/span><\/p>\n<p><span style=\"color: #000000;\">Neben meiner T\u00e4tigkeit als Journalist begleite ich seit 2014 Gruppen deutschsprachiger Fachleute auf Recherche- und Weiterbildungsreisen quer durch Katalonien, organisiert vom Frankfurter B\u00fcro.<\/span><\/p>\n<p><span style=\"color: #000000;\">Hier finden Sie eine Auswahl meiner Artikel:<\/span><\/p>\n<ul>\n<li><span style=\"font-size: 1rem;\">Katalonien, K\u00fcche, Kunst: Nahrung f\u00fcr K\u00f6rper und Seele (<\/span><a style=\"font-size: 1rem;\" href=\"https:\/\/katalonien-tourismus.de\/reisetipps\/katalonien-kueche-kunst-nahrung-fuer-koerper-und-seele\" target=\"_blank\" rel=\"noopener\">WEB<\/a><span style=\"font-size: 1rem;\">) (<\/span><a style=\"font-size: 1rem;\" href=\"https:\/\/katalonien-tourismus.de\/reisetipps\/katalonien-kueche-kunst-nahrung-fuer-koerper-und-seele?output=pdf\" target=\"_blank\" rel=\"noopener\">PDF<\/a><span style=\"font-size: 1rem;\">)<\/span><\/li>\n<li>Bo\u00ed: Ein Tal voller Sch\u00e4tze! (<a href=\"https:\/\/katalonien-tourismus.de\/katalonien-nach-regionen\/pirineus\/boi-ein-tal-voller-schaetze\" target=\"_blank\" rel=\"noopener\">WEB<\/a>) (<a href=\"https:\/\/katalonien-tourismus.de\/katalonien-nach-regionen\/pirineus\/boi-ein-tal-voller-schaetze?output=pdf\" target=\"_blank\" rel=\"noopener\">PDF<\/a>)<\/li>\n<li>Eine Reise durch 10 Jahrhunderte &#8230; (<a href=\"https:\/\/katalonien-tourismus.de\/katalonien-nach-regionen\/terres-de-lleida-infos\/eine-reise-durch-10-jahrhunderte-geschichte-in-katalonien\" target=\"_blank\" rel=\"noopener\">WEB<\/a>) (<a href=\"https:\/\/katalonien-tourismus.de\/katalonien-nach-regionen\/terres-de-lleida-infos\/eine-reise-durch-10-jahrhunderte-geschichte-in-katalonien?output=pdf\" target=\"_blank\" rel=\"noopener\">PDF<\/a>)<\/li>\n<li><span style=\"font-size: 1rem;\">Eine Reise entlang Kataloniens Mittelmeerk\u00fcste (<\/span><a style=\"font-size: 1rem;\" href=\"https:\/\/katalonien-tourismus.de\/reisetipps\/von-strand-zu-strand-eine-reise-entlang-kataloniens-mittelmeerkueste\" target=\"_blank\" rel=\"noopener\">WEB<\/a><span style=\"font-size: 1rem;\">) (<\/span><a style=\"font-size: 1rem;\" href=\"https:\/\/katalonien-tourismus.de\/reisetipps\/von-strand-zu-strand-eine-reise-entlang-kataloniens-mittelmeerkueste?output=pdf\" target=\"_blank\" rel=\"noopener\">PDF<\/a><span style=\"font-size: 1rem;\">)<\/span><\/li>\n<li>Einmal quer durch die Pyren\u00e4en (<a href=\"https:\/\/katalonien-tourismus.de\/katalonien-nach-regionen\/pirineus\/einmal-quer-durch-die-pyrenaeen\" target=\"_blank\" rel=\"noopener\">WEB<\/a>) (<a href=\"https:\/\/katalonien-tourismus.de\/katalonien-nach-regionen\/pirineus\/einmal-quer-durch-die-pyrenaeen?output=pdf\" target=\"_blank\" rel=\"noopener\">PDF<\/a>)<\/li>\n<li>Von Meer zu Meer &#8211; eine Reise durch Zentralkatalonien (<a href=\"https:\/\/katalonien-tourismus.de\/reisetipps\/von-meer-zu-meer-eine-reise-durch-zentralkatalonien\" target=\"_blank\" rel=\"noopener\">WEB<\/a>) (<a href=\"https:\/\/katalonien-tourismus.de\/reisetipps\/von-meer-zu-meer-eine-reise-durch-zentralkatalonien?output=pdf\" target=\"_blank\" rel=\"noopener\">PDF<\/a>)<\/li>\n<li>Auf Entdeckungstour vom Mittelmeer ins &#8230; (<a href=\"https:\/\/katalonien-tourismus.de\/reisetipps\/costa-brava-lleida-auf-entdeckungstour-vom-mittelmeer-ins-innenland\" target=\"_blank\" rel=\"noopener\">WEB<\/a>) (<a href=\"https:\/\/katalonien-tourismus.de\/reisetipps\/costa-brava-lleida-auf-entdeckungstour-vom-mittelmeer-ins-innenland?output=pdf\" target=\"_blank\" rel=\"noopener\">PDF<\/a>)<\/li>\n<li>Katalonien und seine Literatur &#8211; Eine Landeskunde (<a href=\"https:\/\/katalonien-tourismus.de\/reisetipps\/katalonien-durch-seine-literatur-eine-landeskunde\" target=\"_blank\" rel=\"noopener\">WEB<\/a>) (<a href=\"https:\/\/katalonien-tourismus.de\/reisetipps\/katalonien-durch-seine-literatur-eine-landeskunde?output=pdf\" target=\"_blank\" rel=\"noopener\">PDF<\/a>)<\/li>\n<\/ul>\n<p><a href=\"http:\/\/ferranporta.eu\/wp-content\/uploads\/2018\/10\/FB-Cat-Experience.jpg\" target=\"_blank\" rel=\"noopener\"><img fetchpriority=\"high\" decoding=\"async\" class=\"alignnone wp-image-6570 size-full\" src=\"http:\/\/ferranporta.eu\/wp-content\/uploads\/2018\/10\/FB-Cat-Experience.jpg\" alt=\"\" width=\"1034\" height=\"936\" srcset=\"https:\/\/ferranporta.eu\/wp-content\/uploads\/2018\/10\/FB-Cat-Experience.jpg 1034w, https:\/\/ferranporta.eu\/wp-content\/uploads\/2018\/10\/FB-Cat-Experience-300x272.jpg 300w, https:\/\/ferranporta.eu\/wp-content\/uploads\/2018\/10\/FB-Cat-Experience-768x695.jpg 768w, https:\/\/ferranporta.eu\/wp-content\/uploads\/2018\/10\/FB-Cat-Experience-1024x927.jpg 1024w\" sizes=\"(max-width: 1034px) 100vw, 1034px\" \/><\/a><\/p>","protected":false},"excerpt":{"rendered":"<p>Von 2014 bis Ende 2023 arbeitete ich f\u00fcr die in Frankfurt am Main ans\u00e4ssige Deutschlandvertretung von Katalonien-Tourismus. Mehrmals in der Woche verfasste ich Beitr\u00e4ge f\u00fcr die Facebook-Seite sowie Artikel f\u00fcr die Webseite Katalonien-Tourismus. Dar\u00fcber hinaus war ich f\u00fcr einen Newsletter verantwortlich, der sich an Reiseagenturen aus dem deutschsprachigen Raum richtete. Seit 2021 erfolgt diese Zusammenarbeit&hellip;&nbsp;<a href=\"https:\/\/ferranporta.eu\/de\/communication\/katalonien-tourismus\/\" class=\"\" rel=\"bookmark\">Weiterlesen &raquo;<span class=\"screen-reader-text\">Katalonien-Tourismus<\/span><\/a><\/p>\n","protected":false},"author":1,"featured_media":0,"parent":10179,"menu_order":1,"comment_status":"closed","ping_status":"closed","template":"","meta":{"_monsterinsights_skip_tracking":false,"_monsterinsights_sitenote_active":false,"_monsterinsights_sitenote_note":"","_monsterinsights_sitenote_category":0,"neve_meta_sidebar":"","neve_meta_container":"","neve_meta_enable_content_width":"off","neve_meta_content_width":70,"neve_meta_title_alignment":"","neve_meta_author_avatar":"","neve_post_elements_order":"","neve_meta_disable_header":"","neve_meta_disable_footer":"","neve_meta_disable_title":"","footnotes":"","_joinchat":[]},"yoast_head":"<!-- This site is optimized with the Yoast SEO plugin v23.5 - https:\/\/yoast.com\/wordpress\/plugins\/seo\/ -->\n<title>Katalonien-Tourismus - ferranporta.eu<\/title>\n<meta name=\"robots\" content=\"index, follow, max-snippet:-1, max-image-preview:large, max-video-preview:-1\" \/>\n<link rel=\"canonical\" href=\"https:\/\/ferranporta.eu\/communication\/katalonien-tourismus\/\" \/>\n<meta property=\"og:locale\" content=\"de_DE\" \/>\n<meta property=\"og:type\" content=\"article\" \/>\n<meta property=\"og:title\" content=\"[:CA]Turisme de Catalunya[:de]Katalonien-Tourismus[:en]Tourism of Catalonia[:es]Turismo de Catalu\u00f1a[:] - ferranporta.eu\" \/>\n<meta property=\"og:description\" content=\"Von 2014 bis Ende 2023 arbeitete ich f\u00fcr die in Frankfurt am Main ans\u00e4ssige Deutschlandvertretung von Katalonien-Tourismus. Mehrmals in der Woche verfasste ich Beitr\u00e4ge f\u00fcr die Facebook-Seite sowie Artikel f\u00fcr die Webseite Katalonien-Tourismus. Dar\u00fcber hinaus war ich f\u00fcr einen Newsletter verantwortlich, der sich an Reiseagenturen aus dem deutschsprachigen Raum richtete. Seit 2021 erfolgt diese Zusammenarbeit&hellip;&nbsp;Weiterlesen &raquo;Katalonien-Tourismus\" \/>\n<meta property=\"og:url\" content=\"https:\/\/ferranporta.eu\/communication\/katalonien-tourismus\/\" \/>\n<meta property=\"og:site_name\" content=\"ferranporta.eu\" \/>\n<meta property=\"article:modified_time\" content=\"2024-05-06T16:45:01+00:00\" \/>\n<meta property=\"og:image\" content=\"http:\/\/ferranporta.eu\/wp-content\/uploads\/2018\/10\/FB-Cat-Experience.jpg\" \/>\n<meta name=\"twitter:card\" content=\"summary_large_image\" \/>\n<meta name=\"twitter:label1\" content=\"Gesch\u00e4tzte Lesezeit\" \/>\n\t<meta name=\"twitter:data1\" content=\"1 Minute\" \/>\n<script type=\"application\/ld+json\" class=\"yoast-schema-graph\">{\"@context\":\"https:\/\/schema.org\",\"@graph\":[{\"@type\":\"WebPage\",\"@id\":\"https:\/\/ferranporta.eu\/communication\/katalonien-tourismus\/\",\"url\":\"https:\/\/ferranporta.eu\/communication\/katalonien-tourismus\/\",\"name\":\"[:CA]Turisme de Catalunya[:de]Katalonien-Tourismus[:en]Tourism of Catalonia[:es]Turismo de Catalu\u00f1a[:] - ferranporta.eu\",\"isPartOf\":{\"@id\":\"https:\/\/ferranporta.eu\/de\/#website\"},\"primaryImageOfPage\":{\"@id\":\"https:\/\/ferranporta.eu\/communication\/katalonien-tourismus\/#primaryimage\"},\"image\":{\"@id\":\"https:\/\/ferranporta.eu\/communication\/katalonien-tourismus\/#primaryimage\"},\"thumbnailUrl\":\"http:\/\/ferranporta.eu\/wp-content\/uploads\/2018\/10\/FB-Cat-Experience.jpg\",\"datePublished\":\"2018-10-06T11:38:43+00:00\",\"dateModified\":\"2024-05-06T16:45:01+00:00\",\"breadcrumb\":{\"@id\":\"https:\/\/ferranporta.eu\/communication\/katalonien-tourismus\/#breadcrumb\"},\"inLanguage\":\"de-DE\",\"potentialAction\":[{\"@type\":\"ReadAction\",\"target\":[\"https:\/\/ferranporta.eu\/communication\/katalonien-tourismus\/\"]}]},{\"@type\":\"ImageObject\",\"inLanguage\":\"de-DE\",\"@id\":\"https:\/\/ferranporta.eu\/communication\/katalonien-tourismus\/#primaryimage\",\"url\":\"http:\/\/ferranporta.eu\/wp-content\/uploads\/2018\/10\/FB-Cat-Experience.jpg\",\"contentUrl\":\"http:\/\/ferranporta.eu\/wp-content\/uploads\/2018\/10\/FB-Cat-Experience.jpg\"},{\"@type\":\"BreadcrumbList\",\"@id\":\"https:\/\/ferranporta.eu\/communication\/katalonien-tourismus\/#breadcrumb\",\"itemListElement\":[{\"@type\":\"ListItem\",\"position\":1,\"name\":\"Home\",\"item\":\"https:\/\/ferranporta.eu\/\"},{\"@type\":\"ListItem\",\"position\":2,\"name\":\"L&#8217;art de la comunicaci\u00f3\",\"item\":\"https:\/\/ferranporta.eu\/communication\/\"},{\"@type\":\"ListItem\",\"position\":3,\"name\":\"Turisme de Catalunya\"}]},{\"@type\":\"WebSite\",\"@id\":\"https:\/\/ferranporta.eu\/de\/#website\",\"url\":\"https:\/\/ferranporta.eu\/de\/\",\"name\":\"ferranporta.eu\",\"description\":\"Journalist mit Abschluss in Tourismus\",\"potentialAction\":[{\"@type\":\"SearchAction\",\"target\":{\"@type\":\"EntryPoint\",\"urlTemplate\":\"https:\/\/ferranporta.eu\/de\/?s={search_term_string}\"},\"query-input\":{\"@type\":\"PropertyValueSpecification\",\"valueRequired\":true,\"valueName\":\"search_term_string\"}}],\"inLanguage\":\"de-DE\"}]}<\/script>\n<!-- \/ Yoast SEO plugin. -->","yoast_head_json":{"title":"[:CA]Turisme de Catalunya[:de]Katalonien-Tourismus[:en]Tourism of Catalonia[:es]Turismo de Catalu\u00f1a[:] - ferranporta.eu","robots":{"index":"index","follow":"follow","max-snippet":"max-snippet:-1","max-image-preview":"max-image-preview:large","max-video-preview":"max-video-preview:-1"},"canonical":"https:\/\/ferranporta.eu\/communication\/katalonien-tourismus\/","og_locale":"de_DE","og_type":"article","og_title":"[:CA]Turisme de Catalunya[:de]Katalonien-Tourismus[:en]Tourism of Catalonia[:es]Turismo de Catalu\u00f1a[:] - ferranporta.eu","og_description":"Von 2014 bis Ende 2023 arbeitete ich f\u00fcr die in Frankfurt am Main ans\u00e4ssige Deutschlandvertretung von Katalonien-Tourismus. Mehrmals in der Woche verfasste ich Beitr\u00e4ge f\u00fcr die Facebook-Seite sowie Artikel f\u00fcr die Webseite Katalonien-Tourismus. Dar\u00fcber hinaus war ich f\u00fcr einen Newsletter verantwortlich, der sich an Reiseagenturen aus dem deutschsprachigen Raum richtete. Seit 2021 erfolgt diese Zusammenarbeit&hellip;&nbsp;Weiterlesen &raquo;Katalonien-Tourismus","og_url":"https:\/\/ferranporta.eu\/communication\/katalonien-tourismus\/","og_site_name":"ferranporta.eu","article_modified_time":"2024-05-06T16:45:01+00:00","og_image":[{"url":"http:\/\/ferranporta.eu\/wp-content\/uploads\/2018\/10\/FB-Cat-Experience.jpg"}],"twitter_card":"summary_large_image","twitter_misc":{"Gesch\u00e4tzte Lesezeit":"1 Minute"},"schema":{"@context":"https:\/\/schema.org","@graph":[{"@type":"WebPage","@id":"https:\/\/ferranporta.eu\/communication\/katalonien-tourismus\/","url":"https:\/\/ferranporta.eu\/communication\/katalonien-tourismus\/","name":"[:CA]Turisme de Catalunya[:de]Katalonien-Tourismus[:en]Tourism of Catalonia[:es]Turismo de Catalu\u00f1a[:] - ferranporta.eu","isPartOf":{"@id":"https:\/\/ferranporta.eu\/de\/#website"},"primaryImageOfPage":{"@id":"https:\/\/ferranporta.eu\/communication\/katalonien-tourismus\/#primaryimage"},"image":{"@id":"https:\/\/ferranporta.eu\/communication\/katalonien-tourismus\/#primaryimage"},"thumbnailUrl":"http:\/\/ferranporta.eu\/wp-content\/uploads\/2018\/10\/FB-Cat-Experience.jpg","datePublished":"2018-10-06T11:38:43+00:00","dateModified":"2024-05-06T16:45:01+00:00","breadcrumb":{"@id":"https:\/\/ferranporta.eu\/communication\/katalonien-tourismus\/#breadcrumb"},"inLanguage":"de-DE","potentialAction":[{"@type":"ReadAction","target":["https:\/\/ferranporta.eu\/communication\/katalonien-tourismus\/"]}]},{"@type":"ImageObject","inLanguage":"de-DE","@id":"https:\/\/ferranporta.eu\/communication\/katalonien-tourismus\/#primaryimage","url":"http:\/\/ferranporta.eu\/wp-content\/uploads\/2018\/10\/FB-Cat-Experience.jpg","contentUrl":"http:\/\/ferranporta.eu\/wp-content\/uploads\/2018\/10\/FB-Cat-Experience.jpg"},{"@type":"BreadcrumbList","@id":"https:\/\/ferranporta.eu\/communication\/katalonien-tourismus\/#breadcrumb","itemListElement":[{"@type":"ListItem","position":1,"name":"Home","item":"https:\/\/ferranporta.eu\/"},{"@type":"ListItem","position":2,"name":"L&#8217;art de la comunicaci\u00f3","item":"https:\/\/ferranporta.eu\/communication\/"},{"@type":"ListItem","position":3,"name":"Turisme de Catalunya"}]},{"@type":"WebSite","@id":"https:\/\/ferranporta.eu\/de\/#website","url":"https:\/\/ferranporta.eu\/de\/","name":"ferranporta.eu","description":"Journalist mit Abschluss in Tourismus","potentialAction":[{"@type":"SearchAction","target":{"@type":"EntryPoint","urlTemplate":"https:\/\/ferranporta.eu\/de\/?s={search_term_string}"},"query-input":{"@type":"PropertyValueSpecification","valueRequired":true,"valueName":"search_term_string"}}],"inLanguage":"de-DE"}]}},"_links":{"self":[{"href":"https:\/\/ferranporta.eu\/de\/wp-json\/wp\/v2\/pages\/6566"}],"collection":[{"href":"https:\/\/ferranporta.eu\/de\/wp-json\/wp\/v2\/pages"}],"about":[{"href":"https:\/\/ferranporta.eu\/de\/wp-json\/wp\/v2\/types\/page"}],"author":[{"embeddable":true,"href":"https:\/\/ferranporta.eu\/de\/wp-json\/wp\/v2\/users\/1"}],"replies":[{"embeddable":true,"href":"https:\/\/ferranporta.eu\/de\/wp-json\/wp\/v2\/comments?post=6566"}],"version-history":[{"count":58,"href":"https:\/\/ferranporta.eu\/de\/wp-json\/wp\/v2\/pages\/6566\/revisions"}],"predecessor-version":[{"id":12545,"href":"https:\/\/ferranporta.eu\/de\/wp-json\/wp\/v2\/pages\/6566\/revisions\/12545"}],"up":[{"embeddable":true,"href":"https:\/\/ferranporta.eu\/de\/wp-json\/wp\/v2\/pages\/10179"}],"wp:attachment":[{"href":"https:\/\/ferranporta.eu\/de\/wp-json\/wp\/v2\/media?parent=6566"}],"curies":[{"name":"wp","href":"https:\/\/api.w.org\/{rel}","templated":true}]}}