{"id":9589,"date":"2021-02-09T07:27:36","date_gmt":"2021-02-09T06:27:36","guid":{"rendered":"https:\/\/ferranporta.eu\/?page_id=9589"},"modified":"2024-02-19T17:48:54","modified_gmt":"2024-02-19T15:48:54","slug":"potsdam","status":"publish","type":"page","link":"https:\/\/ferranporta.eu\/de\/tourism\/itineri-de\/potsdam\/","title":{"rendered":"Potsdam"},"content":{"rendered":"<p><strong>itineri.de<\/strong> bietet Stadtf\u00fchrungen auf Spanisch und Katalanisch an \u2013 was f\u00fcr deutschsprachige Touristen weniger von Interesse ist. Interessant sind hingegen die weiterf\u00fchrenden Informationen unten. Viel Spa\u00df bei Ihrem n\u00e4chsten Potsdam-Besuch!<\/p>\n<p><iframe src=\"https:\/\/www.youtube.com\/embed\/eNnwM7soW94\" width=\"560\" height=\"315\" frameborder=\"0\" allowfullscreen=\"allowfullscreen\"><\/iframe><\/p>\n<h4><span style=\"color: #ff6600;\">Eine wundersch\u00f6ne k\u00f6nigliche Stadt<\/span><\/h4>\n<p><span style=\"color: #000000;\">Mit gut 180.000 Einwohnern ist Potsdam die bev\u00f6lkerungsreichste Stadt und Hauptstadt des Landes Brandenburg. Das an der Havel gelegene Potsdam grenzt s\u00fcdwestlich an Berlin und ist ein Wachstumszentrum in dessen Ballungsraum, der rund 4,5 Millionen Einwohner umfasst.<\/span><\/p>\n<p><span style=\"color: #000000;\">Die Stadt ist bekannt f\u00fcr ihr Verm\u00e4chtnis als ehemalige Residenzstadt der K\u00f6nige von Preu\u00dfen mit den zahlreichen und einzigartigen Schlo\u00df- und Parkanlagen und der bedeutenden b\u00fcrgerlichen Kernstadt. Die Kulturlandschaften wurden 1990 von der UNESCO als gr\u00f6\u00dftes Ensemble der deutschen Welterbest\u00e4tten in die Liste des Weltkultur- und Naturerbes der Menschheit aufgenommen. Seit 2019 ist Potsdam UNESCO-Filmstadt im Netzwerk der Creative Cities.\u00a0Das in Potsdam 1912 als erstes gro\u00dfes Filmatelier der Welt gegr\u00fcndete Filmstudio Babelsberg z\u00e4hlt zu den modernsten Zentren der Film- und Fernsehproduktion in Deutschland und Europa. (Quelle:<\/span> <a href=\"https:\/\/de.wikipedia.org\/wiki\/Potsdam\" target=\"_blank\" rel=\"noopener\">Wikipedia<\/a><span style=\"color: #000000;\">).<\/span><\/p>\n<p><span style=\"color: #000000;\">Touristische Informationen finden Sie auf<\/span> <a href=\"https:\/\/www.potsdamtourismus.de\/\" target=\"_blank\" rel=\"noopener\">potsdamtourismus.de<\/a><span style=\"color: #000000;\">.<\/span><\/p>","protected":false},"excerpt":{"rendered":"<p>itineri.de bietet Stadtf\u00fchrungen auf Spanisch und Katalanisch an \u2013 was f\u00fcr deutschsprachige Touristen weniger von Interesse ist. Interessant sind hingegen die weiterf\u00fchrenden Informationen unten. Viel Spa\u00df bei Ihrem n\u00e4chsten Potsdam-Besuch! Eine wundersch\u00f6ne k\u00f6nigliche Stadt Mit gut 180.000 Einwohnern ist Potsdam die bev\u00f6lkerungsreichste Stadt und Hauptstadt des Landes Brandenburg. Das an der Havel gelegene Potsdam grenzt&hellip;&nbsp;<a href=\"https:\/\/ferranporta.eu\/de\/tourism\/itineri-de\/potsdam\/\" class=\"\" rel=\"bookmark\">Weiterlesen &raquo;<span class=\"screen-reader-text\">Potsdam<\/span><\/a><\/p>\n","protected":false},"author":1,"featured_media":6201,"parent":8923,"menu_order":11,"comment_status":"closed","ping_status":"closed","template":"","meta":{"_monsterinsights_skip_tracking":false,"_monsterinsights_sitenote_active":false,"_monsterinsights_sitenote_note":"","_monsterinsights_sitenote_category":0,"neve_meta_sidebar":"","neve_meta_container":"","neve_meta_enable_content_width":"off","neve_meta_content_width":100,"neve_meta_title_alignment":"","neve_meta_author_avatar":"","neve_post_elements_order":"","neve_meta_disable_header":"","neve_meta_disable_footer":"","neve_meta_disable_title":"","footnotes":"","_joinchat":[]},"yoast_head":"<!-- This site is optimized with the Yoast SEO plugin v23.5 - https:\/\/yoast.com\/wordpress\/plugins\/seo\/ -->\n<title>Potsdam - ferranporta.eu<\/title>\n<meta name=\"robots\" content=\"index, follow, max-snippet:-1, max-image-preview:large, max-video-preview:-1\" \/>\n<link rel=\"canonical\" href=\"https:\/\/ferranporta.eu\/tourism\/itineri-de\/potsdam\/\" \/>\n<meta property=\"og:locale\" content=\"de_DE\" \/>\n<meta property=\"og:type\" content=\"article\" \/>\n<meta property=\"og:title\" content=\"Potsdam - ferranporta.eu\" \/>\n<meta property=\"og:description\" content=\"itineri.de bietet Stadtf\u00fchrungen auf Spanisch und Katalanisch an \u2013 was f\u00fcr deutschsprachige Touristen weniger von Interesse ist. Interessant sind hingegen die weiterf\u00fchrenden Informationen unten. Viel Spa\u00df bei Ihrem n\u00e4chsten Potsdam-Besuch! Eine wundersch\u00f6ne k\u00f6nigliche Stadt Mit gut 180.000 Einwohnern ist Potsdam die bev\u00f6lkerungsreichste Stadt und Hauptstadt des Landes Brandenburg. Das an der Havel gelegene Potsdam grenzt&hellip;&nbsp;Weiterlesen &raquo;Potsdam\" \/>\n<meta property=\"og:url\" content=\"https:\/\/ferranporta.eu\/tourism\/itineri-de\/potsdam\/\" \/>\n<meta property=\"og:site_name\" content=\"ferranporta.eu\" \/>\n<meta property=\"article:modified_time\" content=\"2024-02-19T15:48:54+00:00\" \/>\n<meta property=\"og:image\" content=\"https:\/\/ferranporta.eu\/wp-content\/uploads\/2017\/06\/11.-Potsdam.jpg\" \/>\n\t<meta property=\"og:image:width\" content=\"700\" \/>\n\t<meta property=\"og:image:height\" content=\"697\" \/>\n\t<meta property=\"og:image:type\" content=\"image\/jpeg\" \/>\n<meta name=\"twitter:card\" content=\"summary_large_image\" \/>\n<meta name=\"twitter:label1\" content=\"Gesch\u00e4tzte Lesezeit\" \/>\n\t<meta name=\"twitter:data1\" content=\"2 Minuten\" \/>\n<script type=\"application\/ld+json\" class=\"yoast-schema-graph\">{\"@context\":\"https:\/\/schema.org\",\"@graph\":[{\"@type\":\"WebPage\",\"@id\":\"https:\/\/ferranporta.eu\/tourism\/itineri-de\/potsdam\/\",\"url\":\"https:\/\/ferranporta.eu\/tourism\/itineri-de\/potsdam\/\",\"name\":\"Potsdam - ferranporta.eu\",\"isPartOf\":{\"@id\":\"https:\/\/ferranporta.eu\/de\/#website\"},\"primaryImageOfPage\":{\"@id\":\"https:\/\/ferranporta.eu\/tourism\/itineri-de\/potsdam\/#primaryimage\"},\"image\":{\"@id\":\"https:\/\/ferranporta.eu\/tourism\/itineri-de\/potsdam\/#primaryimage\"},\"thumbnailUrl\":\"https:\/\/ferranporta.eu\/wp-content\/uploads\/2017\/06\/11.-Potsdam.jpg\",\"datePublished\":\"2021-02-09T06:27:36+00:00\",\"dateModified\":\"2024-02-19T15:48:54+00:00\",\"breadcrumb\":{\"@id\":\"https:\/\/ferranporta.eu\/tourism\/itineri-de\/potsdam\/#breadcrumb\"},\"inLanguage\":\"de-DE\",\"potentialAction\":[{\"@type\":\"ReadAction\",\"target\":[\"https:\/\/ferranporta.eu\/tourism\/itineri-de\/potsdam\/\"]}]},{\"@type\":\"ImageObject\",\"inLanguage\":\"de-DE\",\"@id\":\"https:\/\/ferranporta.eu\/tourism\/itineri-de\/potsdam\/#primaryimage\",\"url\":\"https:\/\/ferranporta.eu\/wp-content\/uploads\/2017\/06\/11.-Potsdam.jpg\",\"contentUrl\":\"https:\/\/ferranporta.eu\/wp-content\/uploads\/2017\/06\/11.-Potsdam.jpg\",\"width\":700,\"height\":697},{\"@type\":\"BreadcrumbList\",\"@id\":\"https:\/\/ferranporta.eu\/tourism\/itineri-de\/potsdam\/#breadcrumb\",\"itemListElement\":[{\"@type\":\"ListItem\",\"position\":1,\"name\":\"Home\",\"item\":\"https:\/\/ferranporta.eu\/\"},{\"@type\":\"ListItem\",\"position\":2,\"name\":\"Un m\u00f3n per descobrir\",\"item\":\"https:\/\/ferranporta.eu\/tourism\/\"},{\"@type\":\"ListItem\",\"position\":3,\"name\":\"itineri.de\",\"item\":\"https:\/\/ferranporta.eu\/tourism\/itineri-de\/\"},{\"@type\":\"ListItem\",\"position\":4,\"name\":\"Potsdam\"}]},{\"@type\":\"WebSite\",\"@id\":\"https:\/\/ferranporta.eu\/de\/#website\",\"url\":\"https:\/\/ferranporta.eu\/de\/\",\"name\":\"ferranporta.eu\",\"description\":\"Journalist mit Abschluss in Tourismus\",\"potentialAction\":[{\"@type\":\"SearchAction\",\"target\":{\"@type\":\"EntryPoint\",\"urlTemplate\":\"https:\/\/ferranporta.eu\/de\/?s={search_term_string}\"},\"query-input\":{\"@type\":\"PropertyValueSpecification\",\"valueRequired\":true,\"valueName\":\"search_term_string\"}}],\"inLanguage\":\"de-DE\"}]}<\/script>\n<!-- \/ Yoast SEO plugin. -->","yoast_head_json":{"title":"Potsdam - ferranporta.eu","robots":{"index":"index","follow":"follow","max-snippet":"max-snippet:-1","max-image-preview":"max-image-preview:large","max-video-preview":"max-video-preview:-1"},"canonical":"https:\/\/ferranporta.eu\/tourism\/itineri-de\/potsdam\/","og_locale":"de_DE","og_type":"article","og_title":"Potsdam - ferranporta.eu","og_description":"itineri.de bietet Stadtf\u00fchrungen auf Spanisch und Katalanisch an \u2013 was f\u00fcr deutschsprachige Touristen weniger von Interesse ist. Interessant sind hingegen die weiterf\u00fchrenden Informationen unten. Viel Spa\u00df bei Ihrem n\u00e4chsten Potsdam-Besuch! Eine wundersch\u00f6ne k\u00f6nigliche Stadt Mit gut 180.000 Einwohnern ist Potsdam die bev\u00f6lkerungsreichste Stadt und Hauptstadt des Landes Brandenburg. Das an der Havel gelegene Potsdam grenzt&hellip;&nbsp;Weiterlesen &raquo;Potsdam","og_url":"https:\/\/ferranporta.eu\/tourism\/itineri-de\/potsdam\/","og_site_name":"ferranporta.eu","article_modified_time":"2024-02-19T15:48:54+00:00","og_image":[{"width":700,"height":697,"url":"https:\/\/ferranporta.eu\/wp-content\/uploads\/2017\/06\/11.-Potsdam.jpg","type":"image\/jpeg"}],"twitter_card":"summary_large_image","twitter_misc":{"Gesch\u00e4tzte Lesezeit":"2 Minuten"},"schema":{"@context":"https:\/\/schema.org","@graph":[{"@type":"WebPage","@id":"https:\/\/ferranporta.eu\/tourism\/itineri-de\/potsdam\/","url":"https:\/\/ferranporta.eu\/tourism\/itineri-de\/potsdam\/","name":"Potsdam - ferranporta.eu","isPartOf":{"@id":"https:\/\/ferranporta.eu\/de\/#website"},"primaryImageOfPage":{"@id":"https:\/\/ferranporta.eu\/tourism\/itineri-de\/potsdam\/#primaryimage"},"image":{"@id":"https:\/\/ferranporta.eu\/tourism\/itineri-de\/potsdam\/#primaryimage"},"thumbnailUrl":"https:\/\/ferranporta.eu\/wp-content\/uploads\/2017\/06\/11.-Potsdam.jpg","datePublished":"2021-02-09T06:27:36+00:00","dateModified":"2024-02-19T15:48:54+00:00","breadcrumb":{"@id":"https:\/\/ferranporta.eu\/tourism\/itineri-de\/potsdam\/#breadcrumb"},"inLanguage":"de-DE","potentialAction":[{"@type":"ReadAction","target":["https:\/\/ferranporta.eu\/tourism\/itineri-de\/potsdam\/"]}]},{"@type":"ImageObject","inLanguage":"de-DE","@id":"https:\/\/ferranporta.eu\/tourism\/itineri-de\/potsdam\/#primaryimage","url":"https:\/\/ferranporta.eu\/wp-content\/uploads\/2017\/06\/11.-Potsdam.jpg","contentUrl":"https:\/\/ferranporta.eu\/wp-content\/uploads\/2017\/06\/11.-Potsdam.jpg","width":700,"height":697},{"@type":"BreadcrumbList","@id":"https:\/\/ferranporta.eu\/tourism\/itineri-de\/potsdam\/#breadcrumb","itemListElement":[{"@type":"ListItem","position":1,"name":"Home","item":"https:\/\/ferranporta.eu\/"},{"@type":"ListItem","position":2,"name":"Un m\u00f3n per descobrir","item":"https:\/\/ferranporta.eu\/tourism\/"},{"@type":"ListItem","position":3,"name":"itineri.de","item":"https:\/\/ferranporta.eu\/tourism\/itineri-de\/"},{"@type":"ListItem","position":4,"name":"Potsdam"}]},{"@type":"WebSite","@id":"https:\/\/ferranporta.eu\/de\/#website","url":"https:\/\/ferranporta.eu\/de\/","name":"ferranporta.eu","description":"Journalist mit Abschluss in Tourismus","potentialAction":[{"@type":"SearchAction","target":{"@type":"EntryPoint","urlTemplate":"https:\/\/ferranporta.eu\/de\/?s={search_term_string}"},"query-input":{"@type":"PropertyValueSpecification","valueRequired":true,"valueName":"search_term_string"}}],"inLanguage":"de-DE"}]}},"_links":{"self":[{"href":"https:\/\/ferranporta.eu\/de\/wp-json\/wp\/v2\/pages\/9589"}],"collection":[{"href":"https:\/\/ferranporta.eu\/de\/wp-json\/wp\/v2\/pages"}],"about":[{"href":"https:\/\/ferranporta.eu\/de\/wp-json\/wp\/v2\/types\/page"}],"author":[{"embeddable":true,"href":"https:\/\/ferranporta.eu\/de\/wp-json\/wp\/v2\/users\/1"}],"replies":[{"embeddable":true,"href":"https:\/\/ferranporta.eu\/de\/wp-json\/wp\/v2\/comments?post=9589"}],"version-history":[{"count":33,"href":"https:\/\/ferranporta.eu\/de\/wp-json\/wp\/v2\/pages\/9589\/revisions"}],"predecessor-version":[{"id":12285,"href":"https:\/\/ferranporta.eu\/de\/wp-json\/wp\/v2\/pages\/9589\/revisions\/12285"}],"up":[{"embeddable":true,"href":"https:\/\/ferranporta.eu\/de\/wp-json\/wp\/v2\/pages\/8923"}],"wp:featuredmedia":[{"embeddable":true,"href":"https:\/\/ferranporta.eu\/de\/wp-json\/wp\/v2\/media\/6201"}],"wp:attachment":[{"href":"https:\/\/ferranporta.eu\/de\/wp-json\/wp\/v2\/media?parent=9589"}],"curies":[{"name":"wp","href":"https:\/\/api.w.org\/{rel}","templated":true}]}}