{"id":10179,"date":"2021-02-17T16:57:07","date_gmt":"2021-02-17T15:57:07","guid":{"rendered":"https:\/\/ferranporta.eu\/?page_id=10179"},"modified":"2024-02-19T17:10:17","modified_gmt":"2024-02-19T15:10:17","slug":"communication","status":"publish","type":"page","link":"https:\/\/ferranporta.eu\/es\/communication\/","title":{"rendered":"El arte de la comunicaci\u00f3n"},"content":{"rendered":"<p><span style=\"color: #000000;\">Periodista freelance desde 2011, trabajo con clientes hispanohablantes e internacionales. Me ayudan la formaci\u00f3n y experiencia de a\u00f1os de periodismo \u2014 y tambi\u00e9n el conocimiento de lenguas, en especial ingl\u00e9s, alem\u00e1n y franc\u00e9s.<\/span><\/p>\n<p><span style=\"color: #000000;\">\u2611 <span style=\"color: #008000;\"><strong>Webs y blogs, redes sociales, newsletters y boletines<\/strong><\/span> son herramientas para hacer llegar nuestro mensaje al mundo, pero son imprescindibles \ud83d\udc49 contenidos informativos y atractivos y \ud83d\udc49 una estrategia comunicativa eficaz.<\/span><\/p>\n<p><span style=\"color: #000000;\">\u2611 <span style=\"color: #008000;\"><strong>Redacci\u00f3n de art\u00edculos y reportajes<\/strong><\/span>. Documentaci\u00f3n, investigaci\u00f3n sobre el terreno &#8230; \u00a1y manos al teclado!<\/span><\/p>\n<p><span style=\"color: #000000;\">\u2611 <span style=\"color: #008000;\"><strong>Gesti\u00f3n y realizaci\u00f3n de entrevistas<\/strong><\/span> para soporte en papel u online<b>.<\/b><\/span><\/p>\n<p><span style=\"color: #000000;\">\u2611 <span style=\"color: #008000;\"><strong>Cat\u00e1logos corporativos y folletos<\/strong><\/span>. \u00bfSe est\u00e1 planteando crearlos para su empresa? \u00a1No es mala idea!<\/span><\/p>\n<p><span style=\"color: #000000;\">\u2611 <span style=\"color: #008000;\"><strong>Material divulgativo en el \u00e1mbito cultural<\/strong><\/span>, como museos, centros culturales, editoriales, &#8230;<\/span><\/p>\n<p><span style=\"color: #000000;\">Escr\u00edbame a \ud83d\udce7 <a href=\"mailto:contact@ferranporta.eu\" target=\"_blank\" rel=\"noopener\">contact@ferranporta.eu<\/a> para informaci\u00f3n o propuestas<\/span><span style=\"color: #000000;\">.<\/span><\/p>\n<p><iframe src=\"https:\/\/youtube.com\/embed\/zJWRpVSguis\" width=\"480\" height=\"270\" frameborder=\"0\"><\/iframe><\/p>\n<p><span style=\"color: #808000;\"><em>En el programa Passaport BCN, grabado en Berl\u00edn para <\/em><\/span><span style=\"color: #808000;\"><em><a href=\"https:\/\/beteve.cat\/\" target=\"_blank\" rel=\"noopener\">betev\u00e9<\/a>, explico qu\u00e9 son las Stolpersteine. Desde los a\u00f1os noventa, estas \u00abpiedras con las que se tropieza\u00bb visibilizan y dignifican miles de v\u00edctimas del nazismo.\u00a0<\/em><\/span><span style=\"color: #808000;\"><em>El proyecto crece sin freno. Actualmente hay m\u00e1s de 75.000 dentro y fuera de Europa. (V\u00eddeo con susb\u00edtulos en castellano).<\/em><\/span><\/p>","protected":false},"excerpt":{"rendered":"<p>Periodista freelance desde 2011, trabajo con clientes hispanohablantes e internacionales. Me ayudan la formaci\u00f3n y experiencia de a\u00f1os de periodismo \u2014 y tambi\u00e9n el conocimiento de lenguas, en especial ingl\u00e9s, alem\u00e1n y franc\u00e9s. \u2611 Webs y blogs, redes sociales, newsletters y boletines son herramientas para hacer llegar nuestro mensaje al mundo, pero son imprescindibles \ud83d\udc49&hellip;&nbsp;<a href=\"https:\/\/ferranporta.eu\/es\/communication\/\" class=\"\" rel=\"bookmark\">Leer m\u00e1s &raquo;<span class=\"screen-reader-text\">El arte de la comunicaci\u00f3n<\/span><\/a><\/p>\n","protected":false},"author":1,"featured_media":0,"parent":0,"menu_order":8,"comment_status":"closed","ping_status":"closed","template":"","meta":{"_monsterinsights_skip_tracking":false,"_monsterinsights_sitenote_active":false,"_monsterinsights_sitenote_note":"","_monsterinsights_sitenote_category":0,"neve_meta_sidebar":"","neve_meta_container":"","neve_meta_enable_content_width":"off","neve_meta_content_width":100,"neve_meta_title_alignment":"","neve_meta_author_avatar":"","neve_post_elements_order":"","neve_meta_disable_header":"","neve_meta_disable_footer":"","neve_meta_disable_title":"","footnotes":"","_joinchat":[]},"yoast_head":"<!-- This site is optimized with the Yoast SEO plugin v23.5 - https:\/\/yoast.com\/wordpress\/plugins\/seo\/ -->\n<title>El arte de la comunicaci\u00f3n - ferranporta.eu<\/title>\n<meta name=\"robots\" content=\"index, follow, max-snippet:-1, max-image-preview:large, max-video-preview:-1\" \/>\n<link rel=\"canonical\" href=\"https:\/\/ferranporta.eu\/communication\/\" \/>\n<meta property=\"og:locale\" content=\"es_ES\" \/>\n<meta property=\"og:type\" content=\"article\" \/>\n<meta property=\"og:title\" content=\"[:CA]L&#039;art de la comunicaci\u00f3[:es]El arte de la comunicaci\u00f3n[:de]Die Kunst der Kommunikation[:en]The art of communication[:] - ferranporta.eu\" \/>\n<meta property=\"og:description\" content=\"Periodista freelance desde 2011, trabajo con clientes hispanohablantes e internacionales. Me ayudan la formaci\u00f3n y experiencia de a\u00f1os de periodismo \u2014 y tambi\u00e9n el conocimiento de lenguas, en especial ingl\u00e9s, alem\u00e1n y franc\u00e9s. \u2611 Webs y blogs, redes sociales, newsletters y boletines son herramientas para hacer llegar nuestro mensaje al mundo, pero son imprescindibles \ud83d\udc49&hellip;&nbsp;Leer m\u00e1s &raquo;El arte de la comunicaci\u00f3n\" \/>\n<meta property=\"og:url\" content=\"https:\/\/ferranporta.eu\/communication\/\" \/>\n<meta property=\"og:site_name\" content=\"ferranporta.eu\" \/>\n<meta property=\"article:modified_time\" content=\"2024-02-19T15:10:17+00:00\" \/>\n<meta name=\"twitter:card\" content=\"summary_large_image\" \/>\n<meta name=\"twitter:label1\" content=\"Tiempo de lectura\" \/>\n\t<meta name=\"twitter:data1\" content=\"2 minutos\" \/>\n<script type=\"application\/ld+json\" class=\"yoast-schema-graph\">{\"@context\":\"https:\/\/schema.org\",\"@graph\":[{\"@type\":\"WebPage\",\"@id\":\"https:\/\/ferranporta.eu\/communication\/\",\"url\":\"https:\/\/ferranporta.eu\/communication\/\",\"name\":\"[:CA]L'art de la comunicaci\u00f3[:es]El arte de la comunicaci\u00f3n[:de]Die Kunst der Kommunikation[:en]The art of communication[:] - ferranporta.eu\",\"isPartOf\":{\"@id\":\"https:\/\/ferranporta.eu\/de\/#website\"},\"datePublished\":\"2021-02-17T15:57:07+00:00\",\"dateModified\":\"2024-02-19T15:10:17+00:00\",\"breadcrumb\":{\"@id\":\"https:\/\/ferranporta.eu\/communication\/#breadcrumb\"},\"inLanguage\":\"es\",\"potentialAction\":[{\"@type\":\"ReadAction\",\"target\":[\"https:\/\/ferranporta.eu\/communication\/\"]}]},{\"@type\":\"BreadcrumbList\",\"@id\":\"https:\/\/ferranporta.eu\/communication\/#breadcrumb\",\"itemListElement\":[{\"@type\":\"ListItem\",\"position\":1,\"name\":\"Home\",\"item\":\"https:\/\/ferranporta.eu\/\"},{\"@type\":\"ListItem\",\"position\":2,\"name\":\"L&#8217;art de la comunicaci\u00f3\"}]},{\"@type\":\"WebSite\",\"@id\":\"https:\/\/ferranporta.eu\/de\/#website\",\"url\":\"https:\/\/ferranporta.eu\/de\/\",\"name\":\"ferranporta.eu\",\"description\":\"Periodista y diplomado en Turismo\",\"potentialAction\":[{\"@type\":\"SearchAction\",\"target\":{\"@type\":\"EntryPoint\",\"urlTemplate\":\"https:\/\/ferranporta.eu\/de\/?s={search_term_string}\"},\"query-input\":{\"@type\":\"PropertyValueSpecification\",\"valueRequired\":true,\"valueName\":\"search_term_string\"}}],\"inLanguage\":\"es\"}]}<\/script>\n<!-- \/ Yoast SEO plugin. -->","yoast_head_json":{"title":"[:CA]L'art de la comunicaci\u00f3[:es]El arte de la comunicaci\u00f3n[:de]Die Kunst der Kommunikation[:en]The art of communication[:] - ferranporta.eu","robots":{"index":"index","follow":"follow","max-snippet":"max-snippet:-1","max-image-preview":"max-image-preview:large","max-video-preview":"max-video-preview:-1"},"canonical":"https:\/\/ferranporta.eu\/communication\/","og_locale":"es_ES","og_type":"article","og_title":"[:CA]L'art de la comunicaci\u00f3[:es]El arte de la comunicaci\u00f3n[:de]Die Kunst der Kommunikation[:en]The art of communication[:] - ferranporta.eu","og_description":"Periodista freelance desde 2011, trabajo con clientes hispanohablantes e internacionales. Me ayudan la formaci\u00f3n y experiencia de a\u00f1os de periodismo \u2014 y tambi\u00e9n el conocimiento de lenguas, en especial ingl\u00e9s, alem\u00e1n y franc\u00e9s. \u2611 Webs y blogs, redes sociales, newsletters y boletines son herramientas para hacer llegar nuestro mensaje al mundo, pero son imprescindibles \ud83d\udc49&hellip;&nbsp;Leer m\u00e1s &raquo;El arte de la comunicaci\u00f3n","og_url":"https:\/\/ferranporta.eu\/communication\/","og_site_name":"ferranporta.eu","article_modified_time":"2024-02-19T15:10:17+00:00","twitter_card":"summary_large_image","twitter_misc":{"Tiempo de lectura":"2 minutos"},"schema":{"@context":"https:\/\/schema.org","@graph":[{"@type":"WebPage","@id":"https:\/\/ferranporta.eu\/communication\/","url":"https:\/\/ferranporta.eu\/communication\/","name":"[:CA]L'art de la comunicaci\u00f3[:es]El arte de la comunicaci\u00f3n[:de]Die Kunst der Kommunikation[:en]The art of communication[:] - ferranporta.eu","isPartOf":{"@id":"https:\/\/ferranporta.eu\/de\/#website"},"datePublished":"2021-02-17T15:57:07+00:00","dateModified":"2024-02-19T15:10:17+00:00","breadcrumb":{"@id":"https:\/\/ferranporta.eu\/communication\/#breadcrumb"},"inLanguage":"es","potentialAction":[{"@type":"ReadAction","target":["https:\/\/ferranporta.eu\/communication\/"]}]},{"@type":"BreadcrumbList","@id":"https:\/\/ferranporta.eu\/communication\/#breadcrumb","itemListElement":[{"@type":"ListItem","position":1,"name":"Home","item":"https:\/\/ferranporta.eu\/"},{"@type":"ListItem","position":2,"name":"L&#8217;art de la comunicaci\u00f3"}]},{"@type":"WebSite","@id":"https:\/\/ferranporta.eu\/de\/#website","url":"https:\/\/ferranporta.eu\/de\/","name":"ferranporta.eu","description":"Periodista y diplomado en Turismo","potentialAction":[{"@type":"SearchAction","target":{"@type":"EntryPoint","urlTemplate":"https:\/\/ferranporta.eu\/de\/?s={search_term_string}"},"query-input":{"@type":"PropertyValueSpecification","valueRequired":true,"valueName":"search_term_string"}}],"inLanguage":"es"}]}},"_links":{"self":[{"href":"https:\/\/ferranporta.eu\/es\/wp-json\/wp\/v2\/pages\/10179"}],"collection":[{"href":"https:\/\/ferranporta.eu\/es\/wp-json\/wp\/v2\/pages"}],"about":[{"href":"https:\/\/ferranporta.eu\/es\/wp-json\/wp\/v2\/types\/page"}],"author":[{"embeddable":true,"href":"https:\/\/ferranporta.eu\/es\/wp-json\/wp\/v2\/users\/1"}],"replies":[{"embeddable":true,"href":"https:\/\/ferranporta.eu\/es\/wp-json\/wp\/v2\/comments?post=10179"}],"version-history":[{"count":55,"href":"https:\/\/ferranporta.eu\/es\/wp-json\/wp\/v2\/pages\/10179\/revisions"}],"predecessor-version":[{"id":12273,"href":"https:\/\/ferranporta.eu\/es\/wp-json\/wp\/v2\/pages\/10179\/revisions\/12273"}],"wp:attachment":[{"href":"https:\/\/ferranporta.eu\/es\/wp-json\/wp\/v2\/media?parent=10179"}],"curies":[{"name":"wp","href":"https:\/\/api.w.org\/{rel}","templated":true}]}}