{"id":10830,"date":"2021-04-24T08:59:21","date_gmt":"2021-04-24T07:59:21","guid":{"rendered":"https:\/\/ferranporta.eu\/?page_id=10830"},"modified":"2024-02-19T17:26:28","modified_gmt":"2024-02-19T15:26:28","slug":"tourism","status":"publish","type":"page","link":"https:\/\/ferranporta.eu\/es\/tourism\/","title":{"rendered":"Un mundo por descubrir"},"content":{"rendered":"<p><span style=\"color: #000000;\">El tiempo de residencia en Ecuador, adonde fui a vivir con 16 a\u00f1os, me ense\u00f1\u00f3 que en el mundo conviven culturas muy distintas \u2014 y que la diversidad cultural es fascinante. Fue entonces cuando supe que querr\u00eda dedicarme al turismo. En este \u00e1mbito tengo una larga experiencia, entre otras:<\/span><\/p>\n<ol>\n<li><span style=\"color: #000000;\"><strong>Como peque\u00f1o empresario<\/strong>, desde que en 2011 fund\u00e9 en Berl\u00edn <a href=\"https:\/\/ferranporta.eu\/tourism\/itineri-de\/\" target=\"_blank\" rel=\"noopener\">itineri.de<\/a>. Habiendo trabajado como gu\u00eda freelance en la fascinante capital de Alemania, la empresa me permit\u00eda ampliar servicios a otras ciudades.<\/span><\/li>\n<li><span style=\"color: #000000;\"><strong>Como periodista freelance<\/strong>\u00a0trabajando, entre otros, por la <\/span><a href=\"https:\/\/ferranporta.eu\/communication\/katalonien-tourismus\/\" target=\"_blank\" rel=\"noopener\">promoci\u00f3n tur\u00edstica de Catalu\u00f1a<\/a> <span style=\"color: #000000;\">en lengua alemana.<\/span><\/li>\n<\/ol>\n<h4><span style=\"color: #ff6600;\">Mis servicios en el \u00e1mbito tur\u00edstico<\/span><\/h4>\n<p><span style=\"color: #000000;\">Tambi\u00e9n tengo experiencia <strong>como acompa\u00f1ante de grupos<\/strong>, principalmente con agentes de viaje o periodistas alemanes en rutas de documentaci\u00f3n, y turistas hispanohablantes de visita en Alemania. Disfruto dise\u00f1ando programas tur\u00edsticos y organizando visitas. Tambi\u00e9n me interesa enormemente el <a href=\"https:\/\/ferranporta.eu\/genealogy\/\" target=\"_blank\" rel=\"noopener\">turismo geneal\u00f3gico<\/a>.<\/span><\/p>\n<p>\u2611 <strong><span style=\"color: #008000;\">Comunicaci\u00f3n tur\u00edstica o cultural<\/span><\/strong><\/p>\n<p>\u2611 <strong><span style=\"color: #008000;\">Acompa\u00f1amiento de grupos<\/span><\/strong> <span style=\"color: #000000;\">(hablo con fluidez alem\u00e1n, ingl\u00e9s y franc\u00e9s)<\/span><\/p>\n<p>\u2611 <strong><span style=\"color: #008000;\">Preparaci\u00f3u de programas tur\u00edsticos<\/span><\/strong><span style=\"color: #000000;\">, entre otros.<\/span><\/p>\n<p><span style=\"color: #000000;\">Para informaci\u00f3n o propuestas, \ud83d\udce7 env\u00edeme un mail sin compromiso.<\/span><\/p>\n<p><a href=\"https:\/\/ferranporta.eu\/wp-content\/uploads\/2021\/02\/20180706_230046-scaled.jpg\"><img fetchpriority=\"high\" decoding=\"async\" class=\"alignleft size-large wp-image-10312\" src=\"https:\/\/ferranporta.eu\/wp-content\/uploads\/2021\/02\/20180706_230046-1024x141.jpg\" alt=\"\" width=\"1024\" height=\"141\" srcset=\"https:\/\/ferranporta.eu\/wp-content\/uploads\/2021\/02\/20180706_230046-1024x141.jpg 1024w, https:\/\/ferranporta.eu\/wp-content\/uploads\/2021\/02\/20180706_230046-300x41.jpg 300w, https:\/\/ferranporta.eu\/wp-content\/uploads\/2021\/02\/20180706_230046-768x106.jpg 768w, https:\/\/ferranporta.eu\/wp-content\/uploads\/2021\/02\/20180706_230046-1536x212.jpg 1536w, https:\/\/ferranporta.eu\/wp-content\/uploads\/2021\/02\/20180706_230046-2048x283.jpg 2048w\" sizes=\"(max-width: 1024px) 100vw, 1024px\" \/><\/a><\/p>","protected":false},"excerpt":{"rendered":"<p>El tiempo de residencia en Ecuador, adonde fui a vivir con 16 a\u00f1os, me ense\u00f1\u00f3 que en el mundo conviven culturas muy distintas \u2014 y que la diversidad cultural es fascinante. Fue entonces cuando supe que querr\u00eda dedicarme al turismo. En este \u00e1mbito tengo una larga experiencia, entre otras: Como peque\u00f1o empresario, desde que en&hellip;&nbsp;<a href=\"https:\/\/ferranporta.eu\/es\/tourism\/\" class=\"\" rel=\"bookmark\">Leer m\u00e1s &raquo;<span class=\"screen-reader-text\">Un mundo por descubrir<\/span><\/a><\/p>\n","protected":false},"author":1,"featured_media":0,"parent":0,"menu_order":5,"comment_status":"closed","ping_status":"closed","template":"","meta":{"_monsterinsights_skip_tracking":false,"_monsterinsights_sitenote_active":false,"_monsterinsights_sitenote_note":"","_monsterinsights_sitenote_category":0,"neve_meta_sidebar":"","neve_meta_container":"","neve_meta_enable_content_width":"off","neve_meta_content_width":100,"neve_meta_title_alignment":"","neve_meta_author_avatar":"","neve_post_elements_order":"","neve_meta_disable_header":"","neve_meta_disable_footer":"","neve_meta_disable_title":"","footnotes":"","_joinchat":[]},"yoast_head":"<!-- This site is optimized with the Yoast SEO plugin v23.5 - https:\/\/yoast.com\/wordpress\/plugins\/seo\/ -->\n<title>Mis servicios en el \u00e1mbito tur\u00edstico<\/title>\n<meta name=\"description\" content=\"El tiempo de residencia en Ecuador, adonde fui a vivir con 16 a\u00f1os, me ense\u00f1\u00f3 que en el mundo conviven culturas muy distintas \u2014 y que la diversidad cultural es fascinante. Fue entonces cuando supe que querr\u00eda dedicarme al turismo, \u00e1mbito en el que tengo una larga experiencia,\" \/>\n<meta name=\"robots\" content=\"index, follow, max-snippet:-1, max-image-preview:large, max-video-preview:-1\" \/>\n<link rel=\"canonical\" href=\"https:\/\/ferranporta.eu\/tourism\/\" \/>\n<meta property=\"og:locale\" content=\"es_ES\" \/>\n<meta property=\"og:type\" content=\"article\" \/>\n<meta property=\"og:title\" content=\"Mis servicios en el \u00e1mbito tur\u00edstico\" \/>\n<meta property=\"og:description\" content=\"El tiempo de residencia en Ecuador, adonde fui a vivir con 16 a\u00f1os, me ense\u00f1\u00f3 que en el mundo conviven culturas muy distintas \u2014 y que la diversidad cultural es fascinante. Fue entonces cuando supe que querr\u00eda dedicarme al turismo, \u00e1mbito en el que tengo una larga experiencia,\" \/>\n<meta property=\"og:url\" content=\"https:\/\/ferranporta.eu\/tourism\/\" \/>\n<meta property=\"og:site_name\" content=\"ferranporta.eu\" \/>\n<meta property=\"article:modified_time\" content=\"2024-02-19T15:26:28+00:00\" \/>\n<meta property=\"og:image\" content=\"https:\/\/ferranporta.eu\/wp-content\/uploads\/2021\/02\/20180706_230046-1024x141.jpg\" \/>\n<meta name=\"twitter:card\" content=\"summary_large_image\" \/>\n<meta name=\"twitter:label1\" content=\"Tiempo de lectura\" \/>\n\t<meta name=\"twitter:data1\" content=\"1 minuto\" \/>\n<script type=\"application\/ld+json\" class=\"yoast-schema-graph\">{\"@context\":\"https:\/\/schema.org\",\"@graph\":[{\"@type\":\"WebPage\",\"@id\":\"https:\/\/ferranporta.eu\/tourism\/\",\"url\":\"https:\/\/ferranporta.eu\/tourism\/\",\"name\":\"Mis servicios en el \u00e1mbito tur\u00edstico\",\"isPartOf\":{\"@id\":\"https:\/\/ferranporta.eu\/de\/#website\"},\"primaryImageOfPage\":{\"@id\":\"https:\/\/ferranporta.eu\/tourism\/#primaryimage\"},\"image\":{\"@id\":\"https:\/\/ferranporta.eu\/tourism\/#primaryimage\"},\"thumbnailUrl\":\"https:\/\/ferranporta.eu\/wp-content\/uploads\/2021\/02\/20180706_230046-1024x141.jpg\",\"datePublished\":\"2021-04-24T07:59:21+00:00\",\"dateModified\":\"2024-02-19T15:26:28+00:00\",\"description\":\"El tiempo de residencia en Ecuador, adonde fui a vivir con 16 a\u00f1os, me ense\u00f1\u00f3 que en el mundo conviven culturas muy distintas \u2014 y que la diversidad cultural es fascinante. Fue entonces cuando supe que querr\u00eda dedicarme al turismo, \u00e1mbito en el que tengo una larga experiencia,\",\"breadcrumb\":{\"@id\":\"https:\/\/ferranporta.eu\/tourism\/#breadcrumb\"},\"inLanguage\":\"es\",\"potentialAction\":[{\"@type\":\"ReadAction\",\"target\":[\"https:\/\/ferranporta.eu\/tourism\/\"]}]},{\"@type\":\"ImageObject\",\"inLanguage\":\"es\",\"@id\":\"https:\/\/ferranporta.eu\/tourism\/#primaryimage\",\"url\":\"https:\/\/ferranporta.eu\/wp-content\/uploads\/2021\/02\/20180706_230046-1024x141.jpg\",\"contentUrl\":\"https:\/\/ferranporta.eu\/wp-content\/uploads\/2021\/02\/20180706_230046-1024x141.jpg\"},{\"@type\":\"BreadcrumbList\",\"@id\":\"https:\/\/ferranporta.eu\/tourism\/#breadcrumb\",\"itemListElement\":[{\"@type\":\"ListItem\",\"position\":1,\"name\":\"Home\",\"item\":\"https:\/\/ferranporta.eu\/\"},{\"@type\":\"ListItem\",\"position\":2,\"name\":\"Un m\u00f3n per descobrir\"}]},{\"@type\":\"WebSite\",\"@id\":\"https:\/\/ferranporta.eu\/de\/#website\",\"url\":\"https:\/\/ferranporta.eu\/de\/\",\"name\":\"ferranporta.eu\",\"description\":\"Periodista y diplomado en Turismo\",\"potentialAction\":[{\"@type\":\"SearchAction\",\"target\":{\"@type\":\"EntryPoint\",\"urlTemplate\":\"https:\/\/ferranporta.eu\/de\/?s={search_term_string}\"},\"query-input\":{\"@type\":\"PropertyValueSpecification\",\"valueRequired\":true,\"valueName\":\"search_term_string\"}}],\"inLanguage\":\"es\"}]}<\/script>\n<!-- \/ Yoast SEO plugin. -->","yoast_head_json":{"title":"Mis servicios en el \u00e1mbito tur\u00edstico","description":"El tiempo de residencia en Ecuador, adonde fui a vivir con 16 a\u00f1os, me ense\u00f1\u00f3 que en el mundo conviven culturas muy distintas \u2014 y que la diversidad cultural es fascinante. Fue entonces cuando supe que querr\u00eda dedicarme al turismo, \u00e1mbito en el que tengo una larga experiencia,","robots":{"index":"index","follow":"follow","max-snippet":"max-snippet:-1","max-image-preview":"max-image-preview:large","max-video-preview":"max-video-preview:-1"},"canonical":"https:\/\/ferranporta.eu\/tourism\/","og_locale":"es_ES","og_type":"article","og_title":"Mis servicios en el \u00e1mbito tur\u00edstico","og_description":"El tiempo de residencia en Ecuador, adonde fui a vivir con 16 a\u00f1os, me ense\u00f1\u00f3 que en el mundo conviven culturas muy distintas \u2014 y que la diversidad cultural es fascinante. Fue entonces cuando supe que querr\u00eda dedicarme al turismo, \u00e1mbito en el que tengo una larga experiencia,","og_url":"https:\/\/ferranporta.eu\/tourism\/","og_site_name":"ferranporta.eu","article_modified_time":"2024-02-19T15:26:28+00:00","og_image":[{"url":"https:\/\/ferranporta.eu\/wp-content\/uploads\/2021\/02\/20180706_230046-1024x141.jpg"}],"twitter_card":"summary_large_image","twitter_misc":{"Tiempo de lectura":"1 minuto"},"schema":{"@context":"https:\/\/schema.org","@graph":[{"@type":"WebPage","@id":"https:\/\/ferranporta.eu\/tourism\/","url":"https:\/\/ferranporta.eu\/tourism\/","name":"Mis servicios en el \u00e1mbito tur\u00edstico","isPartOf":{"@id":"https:\/\/ferranporta.eu\/de\/#website"},"primaryImageOfPage":{"@id":"https:\/\/ferranporta.eu\/tourism\/#primaryimage"},"image":{"@id":"https:\/\/ferranporta.eu\/tourism\/#primaryimage"},"thumbnailUrl":"https:\/\/ferranporta.eu\/wp-content\/uploads\/2021\/02\/20180706_230046-1024x141.jpg","datePublished":"2021-04-24T07:59:21+00:00","dateModified":"2024-02-19T15:26:28+00:00","description":"El tiempo de residencia en Ecuador, adonde fui a vivir con 16 a\u00f1os, me ense\u00f1\u00f3 que en el mundo conviven culturas muy distintas \u2014 y que la diversidad cultural es fascinante. Fue entonces cuando supe que querr\u00eda dedicarme al turismo, \u00e1mbito en el que tengo una larga experiencia,","breadcrumb":{"@id":"https:\/\/ferranporta.eu\/tourism\/#breadcrumb"},"inLanguage":"es","potentialAction":[{"@type":"ReadAction","target":["https:\/\/ferranporta.eu\/tourism\/"]}]},{"@type":"ImageObject","inLanguage":"es","@id":"https:\/\/ferranporta.eu\/tourism\/#primaryimage","url":"https:\/\/ferranporta.eu\/wp-content\/uploads\/2021\/02\/20180706_230046-1024x141.jpg","contentUrl":"https:\/\/ferranporta.eu\/wp-content\/uploads\/2021\/02\/20180706_230046-1024x141.jpg"},{"@type":"BreadcrumbList","@id":"https:\/\/ferranporta.eu\/tourism\/#breadcrumb","itemListElement":[{"@type":"ListItem","position":1,"name":"Home","item":"https:\/\/ferranporta.eu\/"},{"@type":"ListItem","position":2,"name":"Un m\u00f3n per descobrir"}]},{"@type":"WebSite","@id":"https:\/\/ferranporta.eu\/de\/#website","url":"https:\/\/ferranporta.eu\/de\/","name":"ferranporta.eu","description":"Periodista y diplomado en Turismo","potentialAction":[{"@type":"SearchAction","target":{"@type":"EntryPoint","urlTemplate":"https:\/\/ferranporta.eu\/de\/?s={search_term_string}"},"query-input":{"@type":"PropertyValueSpecification","valueRequired":true,"valueName":"search_term_string"}}],"inLanguage":"es"}]}},"_links":{"self":[{"href":"https:\/\/ferranporta.eu\/es\/wp-json\/wp\/v2\/pages\/10830"}],"collection":[{"href":"https:\/\/ferranporta.eu\/es\/wp-json\/wp\/v2\/pages"}],"about":[{"href":"https:\/\/ferranporta.eu\/es\/wp-json\/wp\/v2\/types\/page"}],"author":[{"embeddable":true,"href":"https:\/\/ferranporta.eu\/es\/wp-json\/wp\/v2\/users\/1"}],"replies":[{"embeddable":true,"href":"https:\/\/ferranporta.eu\/es\/wp-json\/wp\/v2\/comments?post=10830"}],"version-history":[{"count":10,"href":"https:\/\/ferranporta.eu\/es\/wp-json\/wp\/v2\/pages\/10830\/revisions"}],"predecessor-version":[{"id":12274,"href":"https:\/\/ferranporta.eu\/es\/wp-json\/wp\/v2\/pages\/10830\/revisions\/12274"}],"wp:attachment":[{"href":"https:\/\/ferranporta.eu\/es\/wp-json\/wp\/v2\/media?parent=10830"}],"curies":[{"name":"wp","href":"https:\/\/api.w.org\/{rel}","templated":true}]}}