{"id":2462,"date":"2012-05-11T22:05:29","date_gmt":"2012-05-11T21:05:29","guid":{"rendered":"http:\/\/itineri.de\/?page_id=2462"},"modified":"2024-02-19T17:38:44","modified_gmt":"2024-02-19T15:38:44","slug":"berlin-museos","status":"publish","type":"page","link":"https:\/\/ferranporta.eu\/es\/tourism\/itineri-de\/berlin-museos\/","title":{"rendered":"Berl\u00edn \u2013 Museos"},"content":{"rendered":"<p><span style=\"color: #000000;\">Con m\u00e1s de 175 museos y colecciones, Berl\u00edn es una gran ciudad para los amantes del arte y de la historia. Los m\u00e1s visitados se encuentran en la Isla de los Museos (<em>Museumsinsel<\/em>) y el Kulturforum, cerca de Potsdamer Platz. Con <span style=\"color: #008000;\"><strong>itineri.de<\/strong><\/span> har\u00e1 mucho m\u00e1s que pasearse por las salas espectaculares de tres de los museos m\u00e1s destacados de esta ciudad. Le ofrecemos una visita guiada por el <\/span><a href=\"https:\/\/www.smb.museum\/en\/museums-institutions\/pergamonmuseum\/home.html\" target=\"_blank\" rel=\"noopener\">Museo del P\u00e9rgamo<\/a>, el <a href=\"https:\/\/www.smb.museum\/en\/museums-institutions\/neues-museum\/home.html\" target=\"_blank\" rel=\"noopener\">Neues Museum<\/a> y la <a href=\"https:\/\/www.smb.museum\/en\/museums-institutions\/alte-nationalgalerie\/home.html\" target=\"_blank\" rel=\"noopener\">Alte Nationalgalerie<\/a><span style=\"color: #000000;\">.<\/span><\/p>\n<h4><span style=\"color: #ff6600;\">Tres museos (espectaculares) en uno solo<\/span><\/h4>\n<p><span style=\"color: #000000;\">Empiece por el P\u00e9rgamo si no dispone de demasiados d\u00edas en Berl\u00edn. En la llamada Colecci\u00f3n Antigua se exponen muestras de arquitectura griega y romana que quitan la respiraci\u00f3n. Tambi\u00e9n se muestran miles de objetos de Mesopotamia, Siria y Anatolia (Museo del Oriente Medio<\/span><span style=\"color: #000000;\">)<\/span><span style=\"color: #000000;\">, as\u00ed como obras maestras de arte isl\u00e1mico<\/span><span style=\"color: #000000;\">. Con la <\/span><span style=\"color: #000000;\">visita guiada de <span style=\"color: #008000;\"><strong>itineri.de<\/strong><\/span> entender\u00e1 elementos <span style=\"color: #000000;\">espectaculares como el Altar de P\u00e9rgamo, la Puerta del mercado de Mileto y la Puerta de Ishtar.<\/span><\/span><\/p>\n<p><iframe src=\"https:\/\/www.youtube.com\/embed\/AB8zsBH1rP8\" width=\"480\" height=\"270\" frameborder=\"0\" allowfullscreen=\"allowfullscreen\"><\/iframe><\/p>\n<h4><span style=\"color: #ff6600;\">Arte para todos los gustos<\/span><\/h4>\n<p><span style=\"color: #000000;\">Tambi\u00e9n con nosotros podr\u00e1 descifrar el <em>Neues Museum<\/em> (Museo Nuevo), la casa de la colecci\u00f3n egipcia y su inquilina estrella: la cautivadora Nefertiti. Le proponemos para empezar un paseo por este impresionante museo, reabierto en 2009 tras una profunda remodelaci\u00f3n: \u00a1<\/span><a href=\"https:\/\/artsandculture.google.com\/partner\/neues-museum-staatliche-museen-zu-berlin\" target=\"_blank\" rel=\"noopener\">clique aqu\u00ed<\/a><span style=\"color: #000000;\"> y disfrute!<\/span><\/p>\n<p><span style=\"color: #000000;\">Igualmente le ofrecemos la posibilidad de descubrir la <em>Alte Nationalgalerie<\/em>, con obras maestras del Clasicismo y el Romanticismo, del Impresionismo franc\u00e9s as\u00ed como pintura y escultura alemana del siglo XIX.<\/span><\/p>\n<p><span style=\"color: #000000;\">Fuera de la Isla de los Museos, <span style=\"color: #008000;\"><strong>itineri.de<\/strong><\/span> le acerca entre otros la <a href=\"https:\/\/www.smb.museum\/en\/museums-institutions\/gemaeldegalerie\/home.html\" target=\"_blank\" rel=\"noopener\">Gem\u00e4ldegalerie<\/a>, pinacoteca con imprescindible pintura europea de los siglos XIII a XVIII, o la colecci\u00f3n <a href=\"https:\/\/www.smb.museum\/en\/museums-institutions\/sammlung-scharf-gerstenberg\/home.html\" target=\"_blank\" rel=\"noopener\">Scharf-Gerstenberg<\/a>, centrada sobre todo en el surrealismo. Se expone obra de Magritte y Max Ernst, entre otros.<\/span><\/p>\n<p><span style=\"color: #000000;\">\u2139 Cont\u00e1ctenos por mail \u00a1y nos vemos en Berl\u00edn!<\/span><br \/>\n<a href=\"https:\/\/ferranporta.eu\/wp-content\/uploads\/2019\/03\/Logo-itineri-en-format-JPG.png\"><img decoding=\"async\" class=\"alignleft wp-image-6979 size-medium\" src=\"https:\/\/ferranporta.eu\/wp-content\/uploads\/2019\/03\/Logo-itineri-en-format-JPG-300x74.png\" alt=\"\" width=\"300\" height=\"74\" srcset=\"https:\/\/ferranporta.eu\/wp-content\/uploads\/2019\/03\/Logo-itineri-en-format-JPG-300x74.png 300w, https:\/\/ferranporta.eu\/wp-content\/uploads\/2019\/03\/Logo-itineri-en-format-JPG-768x191.png 768w, https:\/\/ferranporta.eu\/wp-content\/uploads\/2019\/03\/Logo-itineri-en-format-JPG-1024x254.png 1024w, https:\/\/ferranporta.eu\/wp-content\/uploads\/2019\/03\/Logo-itineri-en-format-JPG.png 1527w\" sizes=\"(max-width: 300px) 100vw, 300px\" \/><\/a><\/p>","protected":false},"excerpt":{"rendered":"<p>Con m\u00e1s de 175 museos y colecciones, Berl\u00edn es una gran ciudad para los amantes del arte y de la historia. Los m\u00e1s visitados se encuentran en la Isla de los Museos (Museumsinsel) y el Kulturforum, cerca de Potsdamer Platz. Con itineri.de har\u00e1 mucho m\u00e1s que pasearse por las salas espectaculares de tres de los&hellip;&nbsp;<a href=\"https:\/\/ferranporta.eu\/es\/tourism\/itineri-de\/berlin-museos\/\" class=\"\" rel=\"bookmark\">Leer m\u00e1s &raquo;<span class=\"screen-reader-text\">Berl\u00edn \u2013 Museos<\/span><\/a><\/p>\n","protected":false},"author":1,"featured_media":6193,"parent":8923,"menu_order":3,"comment_status":"closed","ping_status":"closed","template":"","meta":{"_monsterinsights_skip_tracking":false,"_monsterinsights_sitenote_active":false,"_monsterinsights_sitenote_note":"","_monsterinsights_sitenote_category":0,"neve_meta_sidebar":"","neve_meta_container":"","neve_meta_enable_content_width":"off","neve_meta_content_width":70,"neve_meta_title_alignment":"","neve_meta_author_avatar":"","neve_post_elements_order":"","neve_meta_disable_header":"","neve_meta_disable_footer":"","neve_meta_disable_title":"","footnotes":"","_joinchat":[]},"yoast_head":"<!-- This site is optimized with the Yoast SEO plugin v23.5 - https:\/\/yoast.com\/wordpress\/plugins\/seo\/ -->\n<title>Berl\u00edn \u2013 Museos - ferranporta.eu<\/title>\n<meta name=\"robots\" content=\"index, follow, max-snippet:-1, max-image-preview:large, max-video-preview:-1\" \/>\n<link rel=\"canonical\" href=\"https:\/\/ferranporta.eu\/tourism\/itineri-de\/berlin-museos\/\" \/>\n<meta property=\"og:locale\" content=\"es_ES\" \/>\n<meta property=\"og:type\" content=\"article\" \/>\n<meta property=\"og:title\" content=\"[:CA]Berl\u00edn \u2013 Museus[:es]Berl\u00edn \u2013 Museos[:de]Berlin \u2013 Museen[:en]Berlin \u2013 Museums[:EU]Berl\u00edn - Museoak[:fr]Berlin - Mus\u00e9es[:it]Berlino - Musei[:pt]Berlim - Museus[:] - ferranporta.eu\" \/>\n<meta property=\"og:description\" content=\"Con m\u00e1s de 175 museos y colecciones, Berl\u00edn es una gran ciudad para los amantes del arte y de la historia. Los m\u00e1s visitados se encuentran en la Isla de los Museos (Museumsinsel) y el Kulturforum, cerca de Potsdamer Platz. Con itineri.de har\u00e1 mucho m\u00e1s que pasearse por las salas espectaculares de tres de los&hellip;&nbsp;Leer m\u00e1s &raquo;Berl\u00edn \u2013 Museos\" \/>\n<meta property=\"og:url\" content=\"https:\/\/ferranporta.eu\/tourism\/itineri-de\/berlin-museos\/\" \/>\n<meta property=\"og:site_name\" content=\"ferranporta.eu\" \/>\n<meta property=\"article:modified_time\" content=\"2024-02-19T15:38:44+00:00\" \/>\n<meta property=\"og:image\" content=\"https:\/\/ferranporta.eu\/wp-content\/uploads\/2017\/06\/03.-Berlin-museus.jpg\" \/>\n\t<meta property=\"og:image:width\" content=\"700\" \/>\n\t<meta property=\"og:image:height\" content=\"700\" \/>\n\t<meta property=\"og:image:type\" content=\"image\/jpeg\" \/>\n<meta name=\"twitter:card\" content=\"summary_large_image\" \/>\n<meta name=\"twitter:label1\" content=\"Tiempo de lectura\" \/>\n\t<meta name=\"twitter:data1\" content=\"2 minutos\" \/>\n<script type=\"application\/ld+json\" class=\"yoast-schema-graph\">{\"@context\":\"https:\/\/schema.org\",\"@graph\":[{\"@type\":\"WebPage\",\"@id\":\"https:\/\/ferranporta.eu\/tourism\/itineri-de\/berlin-museos\/\",\"url\":\"https:\/\/ferranporta.eu\/tourism\/itineri-de\/berlin-museos\/\",\"name\":\"[:CA]Berl\u00edn \u2013 Museus[:es]Berl\u00edn \u2013 Museos[:de]Berlin \u2013 Museen[:en]Berlin \u2013 Museums[:EU]Berl\u00edn - Museoak[:fr]Berlin - Mus\u00e9es[:it]Berlino - Musei[:pt]Berlim - Museus[:] - ferranporta.eu\",\"isPartOf\":{\"@id\":\"https:\/\/ferranporta.eu\/de\/#website\"},\"primaryImageOfPage\":{\"@id\":\"https:\/\/ferranporta.eu\/tourism\/itineri-de\/berlin-museos\/#primaryimage\"},\"image\":{\"@id\":\"https:\/\/ferranporta.eu\/tourism\/itineri-de\/berlin-museos\/#primaryimage\"},\"thumbnailUrl\":\"https:\/\/ferranporta.eu\/wp-content\/uploads\/2017\/06\/03.-Berlin-museus.jpg\",\"datePublished\":\"2012-05-11T21:05:29+00:00\",\"dateModified\":\"2024-02-19T15:38:44+00:00\",\"breadcrumb\":{\"@id\":\"https:\/\/ferranporta.eu\/tourism\/itineri-de\/berlin-museos\/#breadcrumb\"},\"inLanguage\":\"es\",\"potentialAction\":[{\"@type\":\"ReadAction\",\"target\":[\"https:\/\/ferranporta.eu\/tourism\/itineri-de\/berlin-museos\/\"]}]},{\"@type\":\"ImageObject\",\"inLanguage\":\"es\",\"@id\":\"https:\/\/ferranporta.eu\/tourism\/itineri-de\/berlin-museos\/#primaryimage\",\"url\":\"https:\/\/ferranporta.eu\/wp-content\/uploads\/2017\/06\/03.-Berlin-museus.jpg\",\"contentUrl\":\"https:\/\/ferranporta.eu\/wp-content\/uploads\/2017\/06\/03.-Berlin-museus.jpg\",\"width\":700,\"height\":700},{\"@type\":\"BreadcrumbList\",\"@id\":\"https:\/\/ferranporta.eu\/tourism\/itineri-de\/berlin-museos\/#breadcrumb\",\"itemListElement\":[{\"@type\":\"ListItem\",\"position\":1,\"name\":\"Home\",\"item\":\"https:\/\/ferranporta.eu\/\"},{\"@type\":\"ListItem\",\"position\":2,\"name\":\"Un m\u00f3n per descobrir\",\"item\":\"https:\/\/ferranporta.eu\/tourism\/\"},{\"@type\":\"ListItem\",\"position\":3,\"name\":\"itineri.de\",\"item\":\"https:\/\/ferranporta.eu\/tourism\/itineri-de\/\"},{\"@type\":\"ListItem\",\"position\":4,\"name\":\"Berl\u00edn \u2013 Museus\"}]},{\"@type\":\"WebSite\",\"@id\":\"https:\/\/ferranporta.eu\/de\/#website\",\"url\":\"https:\/\/ferranporta.eu\/de\/\",\"name\":\"ferranporta.eu\",\"description\":\"Periodista y diplomado en Turismo\",\"potentialAction\":[{\"@type\":\"SearchAction\",\"target\":{\"@type\":\"EntryPoint\",\"urlTemplate\":\"https:\/\/ferranporta.eu\/de\/?s={search_term_string}\"},\"query-input\":{\"@type\":\"PropertyValueSpecification\",\"valueRequired\":true,\"valueName\":\"search_term_string\"}}],\"inLanguage\":\"es\"}]}<\/script>\n<!-- \/ Yoast SEO plugin. -->","yoast_head_json":{"title":"[:CA]Berl\u00edn \u2013 Museus[:es]Berl\u00edn \u2013 Museos[:de]Berlin \u2013 Museen[:en]Berlin \u2013 Museums[:EU]Berl\u00edn - Museoak[:fr]Berlin - Mus\u00e9es[:it]Berlino - Musei[:pt]Berlim - Museus[:] - ferranporta.eu","robots":{"index":"index","follow":"follow","max-snippet":"max-snippet:-1","max-image-preview":"max-image-preview:large","max-video-preview":"max-video-preview:-1"},"canonical":"https:\/\/ferranporta.eu\/tourism\/itineri-de\/berlin-museos\/","og_locale":"es_ES","og_type":"article","og_title":"[:CA]Berl\u00edn \u2013 Museus[:es]Berl\u00edn \u2013 Museos[:de]Berlin \u2013 Museen[:en]Berlin \u2013 Museums[:EU]Berl\u00edn - Museoak[:fr]Berlin - Mus\u00e9es[:it]Berlino - Musei[:pt]Berlim - Museus[:] - ferranporta.eu","og_description":"Con m\u00e1s de 175 museos y colecciones, Berl\u00edn es una gran ciudad para los amantes del arte y de la historia. Los m\u00e1s visitados se encuentran en la Isla de los Museos (Museumsinsel) y el Kulturforum, cerca de Potsdamer Platz. Con itineri.de har\u00e1 mucho m\u00e1s que pasearse por las salas espectaculares de tres de los&hellip;&nbsp;Leer m\u00e1s &raquo;Berl\u00edn \u2013 Museos","og_url":"https:\/\/ferranporta.eu\/tourism\/itineri-de\/berlin-museos\/","og_site_name":"ferranporta.eu","article_modified_time":"2024-02-19T15:38:44+00:00","og_image":[{"width":700,"height":700,"url":"https:\/\/ferranporta.eu\/wp-content\/uploads\/2017\/06\/03.-Berlin-museus.jpg","type":"image\/jpeg"}],"twitter_card":"summary_large_image","twitter_misc":{"Tiempo de lectura":"2 minutos"},"schema":{"@context":"https:\/\/schema.org","@graph":[{"@type":"WebPage","@id":"https:\/\/ferranporta.eu\/tourism\/itineri-de\/berlin-museos\/","url":"https:\/\/ferranporta.eu\/tourism\/itineri-de\/berlin-museos\/","name":"[:CA]Berl\u00edn \u2013 Museus[:es]Berl\u00edn \u2013 Museos[:de]Berlin \u2013 Museen[:en]Berlin \u2013 Museums[:EU]Berl\u00edn - Museoak[:fr]Berlin - Mus\u00e9es[:it]Berlino - Musei[:pt]Berlim - Museus[:] - ferranporta.eu","isPartOf":{"@id":"https:\/\/ferranporta.eu\/de\/#website"},"primaryImageOfPage":{"@id":"https:\/\/ferranporta.eu\/tourism\/itineri-de\/berlin-museos\/#primaryimage"},"image":{"@id":"https:\/\/ferranporta.eu\/tourism\/itineri-de\/berlin-museos\/#primaryimage"},"thumbnailUrl":"https:\/\/ferranporta.eu\/wp-content\/uploads\/2017\/06\/03.-Berlin-museus.jpg","datePublished":"2012-05-11T21:05:29+00:00","dateModified":"2024-02-19T15:38:44+00:00","breadcrumb":{"@id":"https:\/\/ferranporta.eu\/tourism\/itineri-de\/berlin-museos\/#breadcrumb"},"inLanguage":"es","potentialAction":[{"@type":"ReadAction","target":["https:\/\/ferranporta.eu\/tourism\/itineri-de\/berlin-museos\/"]}]},{"@type":"ImageObject","inLanguage":"es","@id":"https:\/\/ferranporta.eu\/tourism\/itineri-de\/berlin-museos\/#primaryimage","url":"https:\/\/ferranporta.eu\/wp-content\/uploads\/2017\/06\/03.-Berlin-museus.jpg","contentUrl":"https:\/\/ferranporta.eu\/wp-content\/uploads\/2017\/06\/03.-Berlin-museus.jpg","width":700,"height":700},{"@type":"BreadcrumbList","@id":"https:\/\/ferranporta.eu\/tourism\/itineri-de\/berlin-museos\/#breadcrumb","itemListElement":[{"@type":"ListItem","position":1,"name":"Home","item":"https:\/\/ferranporta.eu\/"},{"@type":"ListItem","position":2,"name":"Un m\u00f3n per descobrir","item":"https:\/\/ferranporta.eu\/tourism\/"},{"@type":"ListItem","position":3,"name":"itineri.de","item":"https:\/\/ferranporta.eu\/tourism\/itineri-de\/"},{"@type":"ListItem","position":4,"name":"Berl\u00edn \u2013 Museus"}]},{"@type":"WebSite","@id":"https:\/\/ferranporta.eu\/de\/#website","url":"https:\/\/ferranporta.eu\/de\/","name":"ferranporta.eu","description":"Periodista y diplomado en Turismo","potentialAction":[{"@type":"SearchAction","target":{"@type":"EntryPoint","urlTemplate":"https:\/\/ferranporta.eu\/de\/?s={search_term_string}"},"query-input":{"@type":"PropertyValueSpecification","valueRequired":true,"valueName":"search_term_string"}}],"inLanguage":"es"}]}},"_links":{"self":[{"href":"https:\/\/ferranporta.eu\/es\/wp-json\/wp\/v2\/pages\/2462"}],"collection":[{"href":"https:\/\/ferranporta.eu\/es\/wp-json\/wp\/v2\/pages"}],"about":[{"href":"https:\/\/ferranporta.eu\/es\/wp-json\/wp\/v2\/types\/page"}],"author":[{"embeddable":true,"href":"https:\/\/ferranporta.eu\/es\/wp-json\/wp\/v2\/users\/1"}],"replies":[{"embeddable":true,"href":"https:\/\/ferranporta.eu\/es\/wp-json\/wp\/v2\/comments?post=2462"}],"version-history":[{"count":76,"href":"https:\/\/ferranporta.eu\/es\/wp-json\/wp\/v2\/pages\/2462\/revisions"}],"predecessor-version":[{"id":12278,"href":"https:\/\/ferranporta.eu\/es\/wp-json\/wp\/v2\/pages\/2462\/revisions\/12278"}],"up":[{"embeddable":true,"href":"https:\/\/ferranporta.eu\/es\/wp-json\/wp\/v2\/pages\/8923"}],"wp:featuredmedia":[{"embeddable":true,"href":"https:\/\/ferranporta.eu\/es\/wp-json\/wp\/v2\/media\/6193"}],"wp:attachment":[{"href":"https:\/\/ferranporta.eu\/es\/wp-json\/wp\/v2\/media?parent=2462"}],"curies":[{"name":"wp","href":"https:\/\/api.w.org\/{rel}","templated":true}]}}