{"id":5740,"date":"2014-03-03T12:22:20","date_gmt":"2014-03-03T11:22:20","guid":{"rendered":"http:\/\/itineri.de\/?page_id=5740"},"modified":"2024-02-19T17:36:00","modified_gmt":"2024-02-19T15:36:00","slug":"germania","status":"publish","type":"page","link":"https:\/\/ferranporta.eu\/es\/tourism\/itineri-de\/germania\/","title":{"rendered":"Berl\u00edn \u2013 Germania"},"content":{"rendered":"<p><div id=\"attachment_9488\" style=\"width: 410px\" class=\"wp-caption alignright\"><a href=\"https:\/\/ferranporta.eu\/wp-content\/uploads\/2021\/02\/Bundesarchiv_Bild_146-1986-029-02__Germania__Modell__Grose_Halle_.jpg\"><img fetchpriority=\"high\" decoding=\"async\" aria-describedby=\"caption-attachment-9488\" class=\"wp-image-9488\" src=\"https:\/\/ferranporta.eu\/wp-content\/uploads\/2021\/02\/Bundesarchiv_Bild_146-1986-029-02__Germania__Modell__Grose_Halle_-300x185.jpg\" alt=\"\" width=\"400\" height=\"247\" srcset=\"https:\/\/ferranporta.eu\/wp-content\/uploads\/2021\/02\/Bundesarchiv_Bild_146-1986-029-02__Germania__Modell__Grose_Halle_-300x185.jpg 300w, https:\/\/ferranporta.eu\/wp-content\/uploads\/2021\/02\/Bundesarchiv_Bild_146-1986-029-02__Germania__Modell__Grose_Halle_-768x474.jpg 768w, https:\/\/ferranporta.eu\/wp-content\/uploads\/2021\/02\/Bundesarchiv_Bild_146-1986-029-02__Germania__Modell__Grose_Halle_.jpg 800w\" sizes=\"(max-width: 400px) 100vw, 400px\" \/><\/a><p id=\"caption-attachment-9488\" class=\"wp-caption-text\">Gro\u00dfe Halle \u2014 Bundesarchiv, Bild 146-1986-029-02 \/ CC-BY-SA 3.0<\/p><\/div><\/p>\n<p><span style=\"color: #000000;\">La Segunda Guerra Mundial consolidar\u00eda el Tercer Reich \u2014 cre\u00eda Hitler. La capital del imperio ser\u00eda Germania, ciudad que el F\u00fchrer har\u00eda construir sobre Berl\u00edn. Edificios y monumentos de dimensiones colosales, como el <em>Gro\u00dfe Halle<\/em>, mostrar\u00edan al mundo el poder del <em>Reich<\/em>.<\/span><\/p>\n<h4><span style=\"color: #ff6600;\">Albert Speer, art\u00edfice de la arquitectura nazi<\/span><\/h4>\n<p><span style=\"color: #000000;\">El urbanismo de la capital imperial deb\u00eda reflejar la megaloman\u00eda del <em>F\u00fchrer<\/em>. A los lados y extremos de dos enormes avenidas, que atravesar\u00edan la capital de norte a sur y de este a oeste, se levantar\u00edan monstruos como el Gran Pabell\u00f3n (foto). Con capacidad para 150.000 personas, ten\u00eda que ser un reflejo de la fuerza, del poder del r\u00e9gimen. Otros elementos arquitect\u00f3nicos previstos eran un arco de triunfo gigante o grandes estaciones de tren.<\/span><\/p>\n<p><span style=\"color: #000000;\">El arquitecto en jefe del r\u00e9gimen, Albert Speer, proyect\u00f3 las visiones del dictador. Germania existi\u00f3 sobre planos y en maquetas entre 1937 y 1943 \u2014 y una peque\u00f1a parte tambi\u00e9n sobre el terreno. Aunque las construcciones se detuvieron en un proceso bastante inicial, las repercusiones en la arquitectura y el urbanismo de Berl\u00edn perviven hasta hoy<\/span><span style=\"color: #000000;\">.<\/span><\/p>\n<h4><span style=\"color: #ff6600;\">Descobra la Germania que no lleg\u00f3 a ser<\/span><\/h4>\n<p><span style=\"color: #000000;\">Con <span style=\"color: #008000;\"><strong>itineri.de<\/strong><\/span> recorrer\u00e1 las huellas de Germania en el distrito gubernamental, comprobar\u00e1 c\u00f3mo utiliz\u00f3 Hitler la arquitcetura y el arte como instrumentos de poder, y dscubrir\u00e1 por qu\u00e9 observando grandes vac\u00edos urbanos y \u00abanticonstrucciones\u00bb, y explorando superposiciones invisibles, el fantasma de Germania est\u00e1 muy presente en el Berl\u00edn de hoy d\u00eda.<\/span><\/p>\n<p><span style=\"color: #ff0000;\"><strong>\u25ba<\/strong><\/span> <span style=\"color: #000000;\">tour guiado de dos horas.<\/span><\/p>\n<p><span style=\"color: #000000;\">Para completar este tour, le recomendamos tambi\u00e9n nuestra visita a <a href=\"https:\/\/ferranporta.eu\/es\/tourism\/itineri-de\/sachsenhausen\/\" target=\"_blank\" rel=\"noopener\">Sachsenhausen<\/a>. Igualmente es muy interesante la exposici\u00f3n <a href=\"https:\/\/www.berliner-unterwelten.de\/es\/mito-de-germania\/exposicion.html\" target=\"_blank\" rel=\"noopener\">Mito de Germania &#8211; Visi\u00f3n y el crimen<\/a>, que\u00a0<\/span><span style=\"color: #000000;\">organiza la Asociaci\u00f3n Mundos Subterr\u00e1neos de Berl\u00edn.<\/span><\/p>\n<p><span style=\"color: #000000;\">Otras opciones para enriquecer con <span style=\"color: #008000;\"><strong>itineri.de<\/strong><\/span> su estancia en Berl\u00edn son nuestras visitas a algunos de los <\/span><a href=\"https:\/\/ferranporta.eu\/es\/tourism\/itineri-de\/berlin-museos\/\" target=\"_blank\" rel=\"noopener\">museos<\/a> m\u00e1s destacados de la ciudad<span style=\"color: #000000;\">, as\u00ed como a la hist\u00f3rica y vecina ciudad de <\/span><a href=\"https:\/\/ferranporta.eu\/es\/tourism\/itineri-de\/potsdam\/\" target=\"_blank\" rel=\"noopener\">Potsdam<\/a><span style=\"color: #000000;\">.<\/span><\/p>\n<p><span style=\"color: #000000;\">\u2139 Cont\u00e1ctenos por mail \u00a1y nos vemos en Berl\u00edn!<\/span><br \/>\n<a href=\"https:\/\/ferranporta.eu\/wp-content\/uploads\/2019\/03\/Logo-itineri-en-format-JPG.png\"><img decoding=\"async\" class=\"alignleft wp-image-6979 size-medium\" src=\"https:\/\/ferranporta.eu\/wp-content\/uploads\/2019\/03\/Logo-itineri-en-format-JPG-300x74.png\" alt=\"\" width=\"300\" height=\"74\" srcset=\"https:\/\/ferranporta.eu\/wp-content\/uploads\/2019\/03\/Logo-itineri-en-format-JPG-300x74.png 300w, https:\/\/ferranporta.eu\/wp-content\/uploads\/2019\/03\/Logo-itineri-en-format-JPG-768x191.png 768w, https:\/\/ferranporta.eu\/wp-content\/uploads\/2019\/03\/Logo-itineri-en-format-JPG-1024x254.png 1024w, https:\/\/ferranporta.eu\/wp-content\/uploads\/2019\/03\/Logo-itineri-en-format-JPG.png 1527w\" sizes=\"(max-width: 300px) 100vw, 300px\" \/><\/a><\/p>","protected":false},"excerpt":{"rendered":"<p>La Segunda Guerra Mundial consolidar\u00eda el Tercer Reich \u2014 cre\u00eda Hitler. La capital del imperio ser\u00eda Germania, ciudad que el F\u00fchrer har\u00eda construir sobre Berl\u00edn. Edificios y monumentos de dimensiones colosales, como el Gro\u00dfe Halle, mostrar\u00edan al mundo el poder del Reich. Albert Speer, art\u00edfice de la arquitectura nazi El urbanismo de la capital imperial&hellip;&nbsp;<a href=\"https:\/\/ferranporta.eu\/es\/tourism\/itineri-de\/germania\/\" class=\"\" rel=\"bookmark\">Leer m\u00e1s &raquo;<span class=\"screen-reader-text\">Berl\u00edn \u2013 Germania<\/span><\/a><\/p>\n","protected":false},"author":1,"featured_media":0,"parent":8923,"menu_order":2,"comment_status":"closed","ping_status":"closed","template":"","meta":{"_monsterinsights_skip_tracking":false,"_monsterinsights_sitenote_active":false,"_monsterinsights_sitenote_note":"","_monsterinsights_sitenote_category":0,"neve_meta_sidebar":"","neve_meta_container":"","neve_meta_enable_content_width":"off","neve_meta_content_width":70,"neve_meta_title_alignment":"","neve_meta_author_avatar":"","neve_post_elements_order":"","neve_meta_disable_header":"","neve_meta_disable_footer":"","neve_meta_disable_title":"","footnotes":"","_joinchat":[]},"yoast_head":"<!-- This site is optimized with the Yoast SEO plugin v23.5 - https:\/\/yoast.com\/wordpress\/plugins\/seo\/ -->\n<title>Berl\u00edn \u2013 Germania - ferranporta.eu<\/title>\n<meta name=\"robots\" content=\"index, follow, max-snippet:-1, max-image-preview:large, max-video-preview:-1\" \/>\n<link rel=\"canonical\" href=\"https:\/\/ferranporta.eu\/tourism\/itineri-de\/germania\/\" \/>\n<meta property=\"og:locale\" content=\"es_ES\" \/>\n<meta property=\"og:type\" content=\"article\" \/>\n<meta property=\"og:title\" content=\"[:CA]Berl\u00edn \u2013 Germania[:es]Berl\u00edn \u2013 Germania[:de]Berlin \u2013 Germania[:en]Berlin \u2013 Germania[:] - ferranporta.eu\" \/>\n<meta property=\"og:description\" content=\"La Segunda Guerra Mundial consolidar\u00eda el Tercer Reich \u2014 cre\u00eda Hitler. La capital del imperio ser\u00eda Germania, ciudad que el F\u00fchrer har\u00eda construir sobre Berl\u00edn. Edificios y monumentos de dimensiones colosales, como el Gro\u00dfe Halle, mostrar\u00edan al mundo el poder del Reich. Albert Speer, art\u00edfice de la arquitectura nazi El urbanismo de la capital imperial&hellip;&nbsp;Leer m\u00e1s &raquo;Berl\u00edn \u2013 Germania\" \/>\n<meta property=\"og:url\" content=\"https:\/\/ferranporta.eu\/tourism\/itineri-de\/germania\/\" \/>\n<meta property=\"og:site_name\" content=\"ferranporta.eu\" \/>\n<meta property=\"article:modified_time\" content=\"2024-02-19T15:36:00+00:00\" \/>\n<meta property=\"og:image\" content=\"https:\/\/ferranporta.eu\/wp-content\/uploads\/2021\/02\/Bundesarchiv_Bild_146-1986-029-02__Germania__Modell__Grose_Halle_-300x185.jpg\" \/>\n<meta name=\"twitter:card\" content=\"summary_large_image\" \/>\n<meta name=\"twitter:label1\" content=\"Tiempo de lectura\" \/>\n\t<meta name=\"twitter:data1\" content=\"1 minuto\" \/>\n<script type=\"application\/ld+json\" class=\"yoast-schema-graph\">{\"@context\":\"https:\/\/schema.org\",\"@graph\":[{\"@type\":\"WebPage\",\"@id\":\"https:\/\/ferranporta.eu\/tourism\/itineri-de\/germania\/\",\"url\":\"https:\/\/ferranporta.eu\/tourism\/itineri-de\/germania\/\",\"name\":\"[:CA]Berl\u00edn \u2013 Germania[:es]Berl\u00edn \u2013 Germania[:de]Berlin \u2013 Germania[:en]Berlin \u2013 Germania[:] - ferranporta.eu\",\"isPartOf\":{\"@id\":\"https:\/\/ferranporta.eu\/de\/#website\"},\"primaryImageOfPage\":{\"@id\":\"https:\/\/ferranporta.eu\/tourism\/itineri-de\/germania\/#primaryimage\"},\"image\":{\"@id\":\"https:\/\/ferranporta.eu\/tourism\/itineri-de\/germania\/#primaryimage\"},\"thumbnailUrl\":\"https:\/\/ferranporta.eu\/wp-content\/uploads\/2021\/02\/Bundesarchiv_Bild_146-1986-029-02__Germania__Modell__Grose_Halle_-300x185.jpg\",\"datePublished\":\"2014-03-03T11:22:20+00:00\",\"dateModified\":\"2024-02-19T15:36:00+00:00\",\"breadcrumb\":{\"@id\":\"https:\/\/ferranporta.eu\/tourism\/itineri-de\/germania\/#breadcrumb\"},\"inLanguage\":\"es\",\"potentialAction\":[{\"@type\":\"ReadAction\",\"target\":[\"https:\/\/ferranporta.eu\/tourism\/itineri-de\/germania\/\"]}]},{\"@type\":\"ImageObject\",\"inLanguage\":\"es\",\"@id\":\"https:\/\/ferranporta.eu\/tourism\/itineri-de\/germania\/#primaryimage\",\"url\":\"https:\/\/ferranporta.eu\/wp-content\/uploads\/2021\/02\/Bundesarchiv_Bild_146-1986-029-02__Germania__Modell__Grose_Halle_-300x185.jpg\",\"contentUrl\":\"https:\/\/ferranporta.eu\/wp-content\/uploads\/2021\/02\/Bundesarchiv_Bild_146-1986-029-02__Germania__Modell__Grose_Halle_-300x185.jpg\"},{\"@type\":\"BreadcrumbList\",\"@id\":\"https:\/\/ferranporta.eu\/tourism\/itineri-de\/germania\/#breadcrumb\",\"itemListElement\":[{\"@type\":\"ListItem\",\"position\":1,\"name\":\"Home\",\"item\":\"https:\/\/ferranporta.eu\/\"},{\"@type\":\"ListItem\",\"position\":2,\"name\":\"Un m\u00f3n per descobrir\",\"item\":\"https:\/\/ferranporta.eu\/tourism\/\"},{\"@type\":\"ListItem\",\"position\":3,\"name\":\"itineri.de\",\"item\":\"https:\/\/ferranporta.eu\/tourism\/itineri-de\/\"},{\"@type\":\"ListItem\",\"position\":4,\"name\":\"Berl\u00edn \u2013 Germania\"}]},{\"@type\":\"WebSite\",\"@id\":\"https:\/\/ferranporta.eu\/de\/#website\",\"url\":\"https:\/\/ferranporta.eu\/de\/\",\"name\":\"ferranporta.eu\",\"description\":\"Periodista y diplomado en Turismo\",\"potentialAction\":[{\"@type\":\"SearchAction\",\"target\":{\"@type\":\"EntryPoint\",\"urlTemplate\":\"https:\/\/ferranporta.eu\/de\/?s={search_term_string}\"},\"query-input\":{\"@type\":\"PropertyValueSpecification\",\"valueRequired\":true,\"valueName\":\"search_term_string\"}}],\"inLanguage\":\"es\"}]}<\/script>\n<!-- \/ Yoast SEO plugin. -->","yoast_head_json":{"title":"[:CA]Berl\u00edn \u2013 Germania[:es]Berl\u00edn \u2013 Germania[:de]Berlin \u2013 Germania[:en]Berlin \u2013 Germania[:] - ferranporta.eu","robots":{"index":"index","follow":"follow","max-snippet":"max-snippet:-1","max-image-preview":"max-image-preview:large","max-video-preview":"max-video-preview:-1"},"canonical":"https:\/\/ferranporta.eu\/tourism\/itineri-de\/germania\/","og_locale":"es_ES","og_type":"article","og_title":"[:CA]Berl\u00edn \u2013 Germania[:es]Berl\u00edn \u2013 Germania[:de]Berlin \u2013 Germania[:en]Berlin \u2013 Germania[:] - ferranporta.eu","og_description":"La Segunda Guerra Mundial consolidar\u00eda el Tercer Reich \u2014 cre\u00eda Hitler. La capital del imperio ser\u00eda Germania, ciudad que el F\u00fchrer har\u00eda construir sobre Berl\u00edn. Edificios y monumentos de dimensiones colosales, como el Gro\u00dfe Halle, mostrar\u00edan al mundo el poder del Reich. Albert Speer, art\u00edfice de la arquitectura nazi El urbanismo de la capital imperial&hellip;&nbsp;Leer m\u00e1s &raquo;Berl\u00edn \u2013 Germania","og_url":"https:\/\/ferranporta.eu\/tourism\/itineri-de\/germania\/","og_site_name":"ferranporta.eu","article_modified_time":"2024-02-19T15:36:00+00:00","og_image":[{"url":"https:\/\/ferranporta.eu\/wp-content\/uploads\/2021\/02\/Bundesarchiv_Bild_146-1986-029-02__Germania__Modell__Grose_Halle_-300x185.jpg"}],"twitter_card":"summary_large_image","twitter_misc":{"Tiempo de lectura":"1 minuto"},"schema":{"@context":"https:\/\/schema.org","@graph":[{"@type":"WebPage","@id":"https:\/\/ferranporta.eu\/tourism\/itineri-de\/germania\/","url":"https:\/\/ferranporta.eu\/tourism\/itineri-de\/germania\/","name":"[:CA]Berl\u00edn \u2013 Germania[:es]Berl\u00edn \u2013 Germania[:de]Berlin \u2013 Germania[:en]Berlin \u2013 Germania[:] - ferranporta.eu","isPartOf":{"@id":"https:\/\/ferranporta.eu\/de\/#website"},"primaryImageOfPage":{"@id":"https:\/\/ferranporta.eu\/tourism\/itineri-de\/germania\/#primaryimage"},"image":{"@id":"https:\/\/ferranporta.eu\/tourism\/itineri-de\/germania\/#primaryimage"},"thumbnailUrl":"https:\/\/ferranporta.eu\/wp-content\/uploads\/2021\/02\/Bundesarchiv_Bild_146-1986-029-02__Germania__Modell__Grose_Halle_-300x185.jpg","datePublished":"2014-03-03T11:22:20+00:00","dateModified":"2024-02-19T15:36:00+00:00","breadcrumb":{"@id":"https:\/\/ferranporta.eu\/tourism\/itineri-de\/germania\/#breadcrumb"},"inLanguage":"es","potentialAction":[{"@type":"ReadAction","target":["https:\/\/ferranporta.eu\/tourism\/itineri-de\/germania\/"]}]},{"@type":"ImageObject","inLanguage":"es","@id":"https:\/\/ferranporta.eu\/tourism\/itineri-de\/germania\/#primaryimage","url":"https:\/\/ferranporta.eu\/wp-content\/uploads\/2021\/02\/Bundesarchiv_Bild_146-1986-029-02__Germania__Modell__Grose_Halle_-300x185.jpg","contentUrl":"https:\/\/ferranporta.eu\/wp-content\/uploads\/2021\/02\/Bundesarchiv_Bild_146-1986-029-02__Germania__Modell__Grose_Halle_-300x185.jpg"},{"@type":"BreadcrumbList","@id":"https:\/\/ferranporta.eu\/tourism\/itineri-de\/germania\/#breadcrumb","itemListElement":[{"@type":"ListItem","position":1,"name":"Home","item":"https:\/\/ferranporta.eu\/"},{"@type":"ListItem","position":2,"name":"Un m\u00f3n per descobrir","item":"https:\/\/ferranporta.eu\/tourism\/"},{"@type":"ListItem","position":3,"name":"itineri.de","item":"https:\/\/ferranporta.eu\/tourism\/itineri-de\/"},{"@type":"ListItem","position":4,"name":"Berl\u00edn \u2013 Germania"}]},{"@type":"WebSite","@id":"https:\/\/ferranporta.eu\/de\/#website","url":"https:\/\/ferranporta.eu\/de\/","name":"ferranporta.eu","description":"Periodista y diplomado en Turismo","potentialAction":[{"@type":"SearchAction","target":{"@type":"EntryPoint","urlTemplate":"https:\/\/ferranporta.eu\/de\/?s={search_term_string}"},"query-input":{"@type":"PropertyValueSpecification","valueRequired":true,"valueName":"search_term_string"}}],"inLanguage":"es"}]}},"_links":{"self":[{"href":"https:\/\/ferranporta.eu\/es\/wp-json\/wp\/v2\/pages\/5740"}],"collection":[{"href":"https:\/\/ferranporta.eu\/es\/wp-json\/wp\/v2\/pages"}],"about":[{"href":"https:\/\/ferranporta.eu\/es\/wp-json\/wp\/v2\/types\/page"}],"author":[{"embeddable":true,"href":"https:\/\/ferranporta.eu\/es\/wp-json\/wp\/v2\/users\/1"}],"replies":[{"embeddable":true,"href":"https:\/\/ferranporta.eu\/es\/wp-json\/wp\/v2\/comments?post=5740"}],"version-history":[{"count":106,"href":"https:\/\/ferranporta.eu\/es\/wp-json\/wp\/v2\/pages\/5740\/revisions"}],"predecessor-version":[{"id":12277,"href":"https:\/\/ferranporta.eu\/es\/wp-json\/wp\/v2\/pages\/5740\/revisions\/12277"}],"up":[{"embeddable":true,"href":"https:\/\/ferranporta.eu\/es\/wp-json\/wp\/v2\/pages\/8923"}],"wp:attachment":[{"href":"https:\/\/ferranporta.eu\/es\/wp-json\/wp\/v2\/media?parent=5740"}],"curies":[{"name":"wp","href":"https:\/\/api.w.org\/{rel}","templated":true}]}}