{"id":6042,"date":"2017-02-04T13:56:05","date_gmt":"2017-02-04T12:56:05","guid":{"rendered":"http:\/\/itineri.de\/?page_id=6042"},"modified":"2021-04-19T17:34:35","modified_gmt":"2021-04-19T16:34:35","slug":"neukolln","status":"publish","type":"page","link":"https:\/\/ferranporta.eu\/es\/walk-berlin\/neukolln\/","title":{"rendered":"Neuk\u00f6lln"},"content":{"rendered":"<p><a href=\"https:\/\/ferranporta.eu\/wp-content\/uploads\/2021\/02\/Rixdorf.jpg\"><img fetchpriority=\"high\" decoding=\"async\" class=\"alignright wp-image-9957\" src=\"https:\/\/ferranporta.eu\/wp-content\/uploads\/2021\/02\/Rixdorf-1024x686.jpg\" alt=\"\" width=\"450\" height=\"301\" srcset=\"https:\/\/ferranporta.eu\/wp-content\/uploads\/2021\/02\/Rixdorf-1024x686.jpg 1024w, https:\/\/ferranporta.eu\/wp-content\/uploads\/2021\/02\/Rixdorf-300x201.jpg 300w, https:\/\/ferranporta.eu\/wp-content\/uploads\/2021\/02\/Rixdorf-768x514.jpg 768w, https:\/\/ferranporta.eu\/wp-content\/uploads\/2021\/02\/Rixdorf-930x620.jpg 930w, https:\/\/ferranporta.eu\/wp-content\/uploads\/2021\/02\/Rixdorf.jpg 1434w\" sizes=\"(max-width: 450px) 100vw, 450px\" \/><\/a><span style=\"color: #000000;\">La diversidad cultural que caracteriza a Berl\u00edn es especialmente evidente en Neuk\u00f6lln (<\/span><a href=\"https:\/\/www.flickr.com\/photos\/ferranporta\/albums\/72157634526842001\" target=\"_blank\" rel=\"noopener\">mis fotos<\/a><span style=\"color: #000000;\">). Tambi\u00e9n en otras partes de la ciudad, pero aqu\u00ed lo es de una manera muy obvia. Se percibe paseando por sus calles, y especialmente por Karl-Marx-Stra\u00dfe. Vale la pena andar los 1.500 metros que separan la estaci\u00f3n Rathaus Neuk\u00f6lln de Berl\u00edn-Neuk\u00f6lln para captar el alma del distrito.<\/span><\/p>\n<p><span style=\"color: #000000;\">No menos sorprendente es que, a pocos metros de all\u00ed, uno se adentre en lo que parecer\u00eda un pueblo centroeuropeo del siglo XVIII. Lo era, de hecho, y aunque hoy es parte del \u00abgran Berl\u00edn\u00bb, conserva mucho de su pasado. S\u00ed, edificios como el de la imagen tambi\u00e9n los ver\u00e1 en la capital alemana. En<\/span> <a href=\"https:\/\/novacasaeditorial.com\/ca\/diari-de-berlin.html\" target=\"_blank\" rel=\"noopener\">Diario de Berl\u00edn<\/a> <span style=\"color: #000000;\">doy informaci\u00f3n sobre Rixdorf, y tambi\u00e9n sabr\u00e1 qu\u00e9 le recomiendo ver y hacer en esta zona \u00fanica de Berl\u00edn.<\/span><\/p>\n<p><span style=\"color: #000000;\">\u27a1\u27a1 Visite el noveno distrito, <a href=\"https:\/\/ferranporta.eu\/berlin\/walk-berlin\/treptow-kopenick\/\" rel=\"noopener\">Treptow-K\u00f6penick<\/a>.<\/span><\/p>","protected":false},"excerpt":{"rendered":"<p>La diversidad cultural que caracteriza a Berl\u00edn es especialmente evidente en Neuk\u00f6lln (mis fotos). Tambi\u00e9n en otras partes de la ciudad, pero aqu\u00ed lo es de una manera muy obvia. Se percibe paseando por sus calles, y especialmente por Karl-Marx-Stra\u00dfe. Vale la pena andar los 1.500 metros que separan la estaci\u00f3n Rathaus Neuk\u00f6lln de Berl\u00edn-Neuk\u00f6lln&hellip;&nbsp;<a href=\"https:\/\/ferranporta.eu\/es\/walk-berlin\/neukolln\/\" class=\"\" rel=\"bookmark\">Leer m\u00e1s &raquo;<span class=\"screen-reader-text\">Neuk\u00f6lln<\/span><\/a><\/p>\n","protected":false},"author":1,"featured_media":0,"parent":6006,"menu_order":8,"comment_status":"closed","ping_status":"closed","template":"","meta":{"_monsterinsights_skip_tracking":false,"_monsterinsights_sitenote_active":false,"_monsterinsights_sitenote_note":"","_monsterinsights_sitenote_category":0,"neve_meta_sidebar":"","neve_meta_container":"","neve_meta_enable_content_width":"off","neve_meta_content_width":0,"neve_meta_title_alignment":"","neve_meta_author_avatar":"","neve_post_elements_order":"","neve_meta_disable_header":"","neve_meta_disable_footer":"","neve_meta_disable_title":"","footnotes":"","_joinchat":[]},"yoast_head":"<!-- This site is optimized with the Yoast SEO plugin v23.5 - https:\/\/yoast.com\/wordpress\/plugins\/seo\/ -->\n<title>Neuk\u00f6lln - ferranporta.eu<\/title>\n<meta name=\"robots\" content=\"index, follow, max-snippet:-1, max-image-preview:large, max-video-preview:-1\" \/>\n<link rel=\"canonical\" href=\"https:\/\/ferranporta.eu\/es\/walk-berlin\/neukolln\/\" \/>\n<meta property=\"og:locale\" content=\"es_ES\" \/>\n<meta property=\"og:type\" content=\"article\" \/>\n<meta property=\"og:title\" content=\"Neuk\u00f6lln - ferranporta.eu\" \/>\n<meta property=\"og:description\" content=\"La diversidad cultural que caracteriza a Berl\u00edn es especialmente evidente en Neuk\u00f6lln (mis fotos). Tambi\u00e9n en otras partes de la ciudad, pero aqu\u00ed lo es de una manera muy obvia. Se percibe paseando por sus calles, y especialmente por Karl-Marx-Stra\u00dfe. Vale la pena andar los 1.500 metros que separan la estaci\u00f3n Rathaus Neuk\u00f6lln de Berl\u00edn-Neuk\u00f6lln&hellip;&nbsp;Leer m\u00e1s &raquo;Neuk\u00f6lln\" \/>\n<meta property=\"og:url\" content=\"https:\/\/ferranporta.eu\/es\/walk-berlin\/neukolln\/\" \/>\n<meta property=\"og:site_name\" content=\"ferranporta.eu\" \/>\n<meta property=\"article:modified_time\" content=\"2021-04-19T16:34:35+00:00\" \/>\n<meta property=\"og:image\" content=\"https:\/\/ferranporta.eu\/wp-content\/uploads\/2021\/02\/Rixdorf-1024x686.jpg\" \/>\n<meta name=\"twitter:card\" content=\"summary_large_image\" \/>\n<meta name=\"twitter:label1\" content=\"Tiempo de lectura\" \/>\n\t<meta name=\"twitter:data1\" content=\"1 minuto\" \/>\n<script type=\"application\/ld+json\" class=\"yoast-schema-graph\">{\"@context\":\"https:\/\/schema.org\",\"@graph\":[{\"@type\":\"WebPage\",\"@id\":\"https:\/\/ferranporta.eu\/es\/walk-berlin\/neukolln\/\",\"url\":\"https:\/\/ferranporta.eu\/es\/walk-berlin\/neukolln\/\",\"name\":\"Neuk\u00f6lln - ferranporta.eu\",\"isPartOf\":{\"@id\":\"https:\/\/ferranporta.eu\/de\/#website\"},\"primaryImageOfPage\":{\"@id\":\"https:\/\/ferranporta.eu\/es\/walk-berlin\/neukolln\/#primaryimage\"},\"image\":{\"@id\":\"https:\/\/ferranporta.eu\/es\/walk-berlin\/neukolln\/#primaryimage\"},\"thumbnailUrl\":\"https:\/\/ferranporta.eu\/wp-content\/uploads\/2021\/02\/Rixdorf-1024x686.jpg\",\"datePublished\":\"2017-02-04T12:56:05+00:00\",\"dateModified\":\"2021-04-19T16:34:35+00:00\",\"breadcrumb\":{\"@id\":\"https:\/\/ferranporta.eu\/es\/walk-berlin\/neukolln\/#breadcrumb\"},\"inLanguage\":\"es\",\"potentialAction\":[{\"@type\":\"ReadAction\",\"target\":[\"https:\/\/ferranporta.eu\/es\/walk-berlin\/neukolln\/\"]}]},{\"@type\":\"ImageObject\",\"inLanguage\":\"es\",\"@id\":\"https:\/\/ferranporta.eu\/es\/walk-berlin\/neukolln\/#primaryimage\",\"url\":\"https:\/\/ferranporta.eu\/wp-content\/uploads\/2021\/02\/Rixdorf-1024x686.jpg\",\"contentUrl\":\"https:\/\/ferranporta.eu\/wp-content\/uploads\/2021\/02\/Rixdorf-1024x686.jpg\"},{\"@type\":\"BreadcrumbList\",\"@id\":\"https:\/\/ferranporta.eu\/es\/walk-berlin\/neukolln\/#breadcrumb\",\"itemListElement\":[{\"@type\":\"ListItem\",\"position\":1,\"name\":\"Home\",\"item\":\"https:\/\/ferranporta.eu\/\"},{\"@type\":\"ListItem\",\"position\":2,\"name\":\"Paseando por los doce distritos de Berl\u00edn\",\"item\":\"https:\/\/ferranporta.eu\/es\/walk-berlin\/\"},{\"@type\":\"ListItem\",\"position\":3,\"name\":\"Neuk\u00f6lln\"}]},{\"@type\":\"WebSite\",\"@id\":\"https:\/\/ferranporta.eu\/de\/#website\",\"url\":\"https:\/\/ferranporta.eu\/de\/\",\"name\":\"ferranporta.eu\",\"description\":\"Periodista y diplomado en Turismo\",\"potentialAction\":[{\"@type\":\"SearchAction\",\"target\":{\"@type\":\"EntryPoint\",\"urlTemplate\":\"https:\/\/ferranporta.eu\/de\/?s={search_term_string}\"},\"query-input\":{\"@type\":\"PropertyValueSpecification\",\"valueRequired\":true,\"valueName\":\"search_term_string\"}}],\"inLanguage\":\"es\"}]}<\/script>\n<!-- \/ Yoast SEO plugin. -->","yoast_head_json":{"title":"Neuk\u00f6lln - ferranporta.eu","robots":{"index":"index","follow":"follow","max-snippet":"max-snippet:-1","max-image-preview":"max-image-preview:large","max-video-preview":"max-video-preview:-1"},"canonical":"https:\/\/ferranporta.eu\/es\/walk-berlin\/neukolln\/","og_locale":"es_ES","og_type":"article","og_title":"Neuk\u00f6lln - ferranporta.eu","og_description":"La diversidad cultural que caracteriza a Berl\u00edn es especialmente evidente en Neuk\u00f6lln (mis fotos). Tambi\u00e9n en otras partes de la ciudad, pero aqu\u00ed lo es de una manera muy obvia. Se percibe paseando por sus calles, y especialmente por Karl-Marx-Stra\u00dfe. Vale la pena andar los 1.500 metros que separan la estaci\u00f3n Rathaus Neuk\u00f6lln de Berl\u00edn-Neuk\u00f6lln&hellip;&nbsp;Leer m\u00e1s &raquo;Neuk\u00f6lln","og_url":"https:\/\/ferranporta.eu\/es\/walk-berlin\/neukolln\/","og_site_name":"ferranporta.eu","article_modified_time":"2021-04-19T16:34:35+00:00","og_image":[{"url":"https:\/\/ferranporta.eu\/wp-content\/uploads\/2021\/02\/Rixdorf-1024x686.jpg"}],"twitter_card":"summary_large_image","twitter_misc":{"Tiempo de lectura":"1 minuto"},"schema":{"@context":"https:\/\/schema.org","@graph":[{"@type":"WebPage","@id":"https:\/\/ferranporta.eu\/es\/walk-berlin\/neukolln\/","url":"https:\/\/ferranporta.eu\/es\/walk-berlin\/neukolln\/","name":"Neuk\u00f6lln - ferranporta.eu","isPartOf":{"@id":"https:\/\/ferranporta.eu\/de\/#website"},"primaryImageOfPage":{"@id":"https:\/\/ferranporta.eu\/es\/walk-berlin\/neukolln\/#primaryimage"},"image":{"@id":"https:\/\/ferranporta.eu\/es\/walk-berlin\/neukolln\/#primaryimage"},"thumbnailUrl":"https:\/\/ferranporta.eu\/wp-content\/uploads\/2021\/02\/Rixdorf-1024x686.jpg","datePublished":"2017-02-04T12:56:05+00:00","dateModified":"2021-04-19T16:34:35+00:00","breadcrumb":{"@id":"https:\/\/ferranporta.eu\/es\/walk-berlin\/neukolln\/#breadcrumb"},"inLanguage":"es","potentialAction":[{"@type":"ReadAction","target":["https:\/\/ferranporta.eu\/es\/walk-berlin\/neukolln\/"]}]},{"@type":"ImageObject","inLanguage":"es","@id":"https:\/\/ferranporta.eu\/es\/walk-berlin\/neukolln\/#primaryimage","url":"https:\/\/ferranporta.eu\/wp-content\/uploads\/2021\/02\/Rixdorf-1024x686.jpg","contentUrl":"https:\/\/ferranporta.eu\/wp-content\/uploads\/2021\/02\/Rixdorf-1024x686.jpg"},{"@type":"BreadcrumbList","@id":"https:\/\/ferranporta.eu\/es\/walk-berlin\/neukolln\/#breadcrumb","itemListElement":[{"@type":"ListItem","position":1,"name":"Home","item":"https:\/\/ferranporta.eu\/"},{"@type":"ListItem","position":2,"name":"Paseando por los doce distritos de Berl\u00edn","item":"https:\/\/ferranporta.eu\/es\/walk-berlin\/"},{"@type":"ListItem","position":3,"name":"Neuk\u00f6lln"}]},{"@type":"WebSite","@id":"https:\/\/ferranporta.eu\/de\/#website","url":"https:\/\/ferranporta.eu\/de\/","name":"ferranporta.eu","description":"Periodista y diplomado en Turismo","potentialAction":[{"@type":"SearchAction","target":{"@type":"EntryPoint","urlTemplate":"https:\/\/ferranporta.eu\/de\/?s={search_term_string}"},"query-input":{"@type":"PropertyValueSpecification","valueRequired":true,"valueName":"search_term_string"}}],"inLanguage":"es"}]}},"_links":{"self":[{"href":"https:\/\/ferranporta.eu\/es\/wp-json\/wp\/v2\/pages\/6042"}],"collection":[{"href":"https:\/\/ferranporta.eu\/es\/wp-json\/wp\/v2\/pages"}],"about":[{"href":"https:\/\/ferranporta.eu\/es\/wp-json\/wp\/v2\/types\/page"}],"author":[{"embeddable":true,"href":"https:\/\/ferranporta.eu\/es\/wp-json\/wp\/v2\/users\/1"}],"replies":[{"embeddable":true,"href":"https:\/\/ferranporta.eu\/es\/wp-json\/wp\/v2\/comments?post=6042"}],"version-history":[{"count":18,"href":"https:\/\/ferranporta.eu\/es\/wp-json\/wp\/v2\/pages\/6042\/revisions"}],"predecessor-version":[{"id":10749,"href":"https:\/\/ferranporta.eu\/es\/wp-json\/wp\/v2\/pages\/6042\/revisions\/10749"}],"up":[{"embeddable":true,"href":"https:\/\/ferranporta.eu\/es\/wp-json\/wp\/v2\/pages\/6006"}],"wp:attachment":[{"href":"https:\/\/ferranporta.eu\/es\/wp-json\/wp\/v2\/media?parent=6042"}],"curies":[{"name":"wp","href":"https:\/\/api.w.org\/{rel}","templated":true}]}}