{"id":8923,"date":"2021-01-25T14:28:37","date_gmt":"2021-01-25T13:28:37","guid":{"rendered":"https:\/\/ferranporta.eu\/?page_id=8923"},"modified":"2024-02-19T17:28:17","modified_gmt":"2024-02-19T15:28:17","slug":"itineri-de","status":"publish","type":"page","link":"https:\/\/ferranporta.eu\/es\/tourism\/itineri-de\/","title":{"rendered":"itineri.de"},"content":{"rendered":"<p><a href=\"https:\/\/ferranporta.eu\/wp-content\/uploads\/2021\/02\/Caixeta-amb-mur-de-Berlin.jpg\"><img decoding=\"async\" class=\"alignright wp-image-9436\" src=\"https:\/\/ferranporta.eu\/wp-content\/uploads\/2021\/02\/Caixeta-amb-mur-de-Berlin-300x214.jpg\" alt=\"\" width=\"200\" height=\"143\" srcset=\"https:\/\/ferranporta.eu\/wp-content\/uploads\/2021\/02\/Caixeta-amb-mur-de-Berlin-300x214.jpg 300w, https:\/\/ferranporta.eu\/wp-content\/uploads\/2021\/02\/Caixeta-amb-mur-de-Berlin.jpg 626w\" sizes=\"(max-width: 200px) 100vw, 200px\" \/><\/a><span style=\"color: #000000;\">Fue en los a\u00f1os noventa cuando pis\u00e9 Berl\u00edn por primeva vez. Los checkpoints ya hab\u00edan perdido su funci\u00f3n y buena parte del Muro hab\u00eda desaparecido \u2014 hecho migajas y vendido en cajitas. A\u00fan as\u00ed, la huella de d\u00e9cadas de divisi\u00f3n estaba presente en cada rinc\u00f3n.<\/span><\/p>\n<p><span style=\"color: #000000;\">Berl\u00edn estaba por (re)construir pero me fascin\u00f3 en cuanto pis\u00e9 el primer distrito donde viv\u00ed, <\/span><span style=\"color: #000000;\">Prenzlauer Berg. El peso de la historia y los muchos parques (\u00a1cu\u00e1ntos parques!) me engancharon. Tambi\u00e9n la escasa arquitectura que hab\u00eda sobrevivido a los bombardeos de los a\u00f1os cuarenta y la que empezaba a aflorar a las puertas del siglo XXI.<\/span><\/p>\n<h4><span style=\"color: #ff6600;\">El nacimiento de itineri.de<\/span><\/h4>\n<p><span style=\"color: #000000;\">Esta fascinaci\u00f3n me llev\u00f3 a escribir <\/span><a href=\"https:\/\/ferranporta.eu\/es\/berlin\/\" target=\"_blank\" rel=\"noopener\">Diari de Berl\u00edn<\/a><span style=\"color: #000000;\"> y a fundar <strong>itineri.de<\/strong>, en 2011, cuando la oferta de tours en la ciudad era \u00ednfima. Con el tiempo, las visitas guiadas con la empresa se fueron extendiendo por Alemania y m\u00e1s all\u00e1. <\/span><span style=\"color: #000000;\"><strong><span style=\"color: #008000;\">Consulte el men\u00fa de itineri.de<\/span><\/strong> para saber qu\u00e9 ciudades puede visitar con nosotros, y qu\u00e9 servicios ofrecemos.<\/span><\/p>\n<p><iframe src=\"https:\/\/youtube.com\/embed\/KFXqmVgk2Sw\" width=\"480\" height=\"270\" frameborder=\"0\"><\/iframe><\/p>\n<p><span style=\"color: #808000;\"><em>En diciembre de 2020 se inaugur\u00f3 en Berl\u00edn el <\/em><\/span><span style=\"color: #808000;\"><em>Humboldt Forum, una instituci\u00f3n cultural de primer orden alojada en el reconstru\u00eddo Palacio Real de la Ciudad (Stadtschlo\u00df). <\/em><\/span><span style=\"color: #808000;\"><em>Sobre la reconstrucci\u00f3n, la instituci\u00f3n y, en definitiva, el Berl\u00edn del momento trataba el programa de Deutsche Welle donde me entrevistaron <\/em><\/span><span style=\"color: #808000;\"><em>(<a href=\"https:\/\/www.dw.com\/es\/inauguraci%C3%B3n-del-foro-humboldt\/av-55967350\" target=\"_blank\" rel=\"noopener\">aqu\u00ed<\/a> puede ver el programa entero)<\/em><\/span><span style=\"color: #808000;\"><em>.<\/em><\/span><\/p>\n<p><a href=\"https:\/\/ferranporta.eu\/wp-content\/uploads\/2019\/03\/Logo-itineri-en-format-JPG.png\"><img decoding=\"async\" class=\"alignleft wp-image-6979 size-medium\" src=\"https:\/\/ferranporta.eu\/wp-content\/uploads\/2019\/03\/Logo-itineri-en-format-JPG-300x74.png\" alt=\"\" width=\"300\" height=\"74\" srcset=\"https:\/\/ferranporta.eu\/wp-content\/uploads\/2019\/03\/Logo-itineri-en-format-JPG-300x74.png 300w, https:\/\/ferranporta.eu\/wp-content\/uploads\/2019\/03\/Logo-itineri-en-format-JPG-768x191.png 768w, https:\/\/ferranporta.eu\/wp-content\/uploads\/2019\/03\/Logo-itineri-en-format-JPG-1024x254.png 1024w, https:\/\/ferranporta.eu\/wp-content\/uploads\/2019\/03\/Logo-itineri-en-format-JPG.png 1527w\" sizes=\"(max-width: 300px) 100vw, 300px\" \/><\/a><\/p>","protected":false},"excerpt":{"rendered":"<p>Fue en los a\u00f1os noventa cuando pis\u00e9 Berl\u00edn por primeva vez. Los checkpoints ya hab\u00edan perdido su funci\u00f3n y buena parte del Muro hab\u00eda desaparecido \u2014 hecho migajas y vendido en cajitas. A\u00fan as\u00ed, la huella de d\u00e9cadas de divisi\u00f3n estaba presente en cada rinc\u00f3n. Berl\u00edn estaba por (re)construir pero me fascin\u00f3 en cuanto pis\u00e9&hellip;&nbsp;<a href=\"https:\/\/ferranporta.eu\/es\/tourism\/itineri-de\/\" class=\"\" rel=\"bookmark\">Leer m\u00e1s &raquo;<span class=\"screen-reader-text\">itineri.de<\/span><\/a><\/p>\n","protected":false},"author":1,"featured_media":0,"parent":10830,"menu_order":0,"comment_status":"closed","ping_status":"closed","template":"","meta":{"_monsterinsights_skip_tracking":false,"_monsterinsights_sitenote_active":false,"_monsterinsights_sitenote_note":"","_monsterinsights_sitenote_category":0,"neve_meta_sidebar":"","neve_meta_container":"","neve_meta_enable_content_width":"off","neve_meta_content_width":100,"neve_meta_title_alignment":"","neve_meta_author_avatar":"","neve_post_elements_order":"","neve_meta_disable_header":"","neve_meta_disable_footer":"","neve_meta_disable_title":"","footnotes":"","_joinchat":[]},"yoast_head":"<!-- This site is optimized with the Yoast SEO plugin v23.5 - https:\/\/yoast.com\/wordpress\/plugins\/seo\/ -->\n<title>itineri.de - ferranporta.eu<\/title>\n<meta name=\"robots\" content=\"index, follow, max-snippet:-1, max-image-preview:large, max-video-preview:-1\" \/>\n<link rel=\"canonical\" href=\"https:\/\/ferranporta.eu\/tourism\/itineri-de\/\" \/>\n<meta property=\"og:locale\" content=\"es_ES\" \/>\n<meta property=\"og:type\" content=\"article\" \/>\n<meta property=\"og:title\" content=\"itineri.de - ferranporta.eu\" \/>\n<meta property=\"og:description\" content=\"Fue en los a\u00f1os noventa cuando pis\u00e9 Berl\u00edn por primeva vez. Los checkpoints ya hab\u00edan perdido su funci\u00f3n y buena parte del Muro hab\u00eda desaparecido \u2014 hecho migajas y vendido en cajitas. A\u00fan as\u00ed, la huella de d\u00e9cadas de divisi\u00f3n estaba presente en cada rinc\u00f3n. Berl\u00edn estaba por (re)construir pero me fascin\u00f3 en cuanto pis\u00e9&hellip;&nbsp;Leer m\u00e1s &raquo;itineri.de\" \/>\n<meta property=\"og:url\" content=\"https:\/\/ferranporta.eu\/tourism\/itineri-de\/\" \/>\n<meta property=\"og:site_name\" content=\"ferranporta.eu\" \/>\n<meta property=\"article:modified_time\" content=\"2024-02-19T15:28:17+00:00\" \/>\n<meta property=\"og:image\" content=\"https:\/\/ferranporta.eu\/wp-content\/uploads\/2021\/02\/Caixeta-amb-mur-de-Berlin-300x214.jpg\" \/>\n<meta name=\"twitter:card\" content=\"summary_large_image\" \/>\n<meta name=\"twitter:label1\" content=\"Tiempo de lectura\" \/>\n\t<meta name=\"twitter:data1\" content=\"2 minutos\" \/>\n<script type=\"application\/ld+json\" class=\"yoast-schema-graph\">{\"@context\":\"https:\/\/schema.org\",\"@graph\":[{\"@type\":\"WebPage\",\"@id\":\"https:\/\/ferranporta.eu\/tourism\/itineri-de\/\",\"url\":\"https:\/\/ferranporta.eu\/tourism\/itineri-de\/\",\"name\":\"itineri.de - ferranporta.eu\",\"isPartOf\":{\"@id\":\"https:\/\/ferranporta.eu\/de\/#website\"},\"primaryImageOfPage\":{\"@id\":\"https:\/\/ferranporta.eu\/tourism\/itineri-de\/#primaryimage\"},\"image\":{\"@id\":\"https:\/\/ferranporta.eu\/tourism\/itineri-de\/#primaryimage\"},\"thumbnailUrl\":\"https:\/\/ferranporta.eu\/wp-content\/uploads\/2021\/02\/Caixeta-amb-mur-de-Berlin-300x214.jpg\",\"datePublished\":\"2021-01-25T13:28:37+00:00\",\"dateModified\":\"2024-02-19T15:28:17+00:00\",\"breadcrumb\":{\"@id\":\"https:\/\/ferranporta.eu\/tourism\/itineri-de\/#breadcrumb\"},\"inLanguage\":\"es\",\"potentialAction\":[{\"@type\":\"ReadAction\",\"target\":[\"https:\/\/ferranporta.eu\/tourism\/itineri-de\/\"]}]},{\"@type\":\"ImageObject\",\"inLanguage\":\"es\",\"@id\":\"https:\/\/ferranporta.eu\/tourism\/itineri-de\/#primaryimage\",\"url\":\"https:\/\/ferranporta.eu\/wp-content\/uploads\/2021\/02\/Caixeta-amb-mur-de-Berlin-300x214.jpg\",\"contentUrl\":\"https:\/\/ferranporta.eu\/wp-content\/uploads\/2021\/02\/Caixeta-amb-mur-de-Berlin-300x214.jpg\"},{\"@type\":\"BreadcrumbList\",\"@id\":\"https:\/\/ferranporta.eu\/tourism\/itineri-de\/#breadcrumb\",\"itemListElement\":[{\"@type\":\"ListItem\",\"position\":1,\"name\":\"Home\",\"item\":\"https:\/\/ferranporta.eu\/\"},{\"@type\":\"ListItem\",\"position\":2,\"name\":\"Un m\u00f3n per descobrir\",\"item\":\"https:\/\/ferranporta.eu\/tourism\/\"},{\"@type\":\"ListItem\",\"position\":3,\"name\":\"itineri.de\"}]},{\"@type\":\"WebSite\",\"@id\":\"https:\/\/ferranporta.eu\/de\/#website\",\"url\":\"https:\/\/ferranporta.eu\/de\/\",\"name\":\"ferranporta.eu\",\"description\":\"Periodista y diplomado en Turismo\",\"potentialAction\":[{\"@type\":\"SearchAction\",\"target\":{\"@type\":\"EntryPoint\",\"urlTemplate\":\"https:\/\/ferranporta.eu\/de\/?s={search_term_string}\"},\"query-input\":{\"@type\":\"PropertyValueSpecification\",\"valueRequired\":true,\"valueName\":\"search_term_string\"}}],\"inLanguage\":\"es\"}]}<\/script>\n<!-- \/ Yoast SEO plugin. -->","yoast_head_json":{"title":"itineri.de - ferranporta.eu","robots":{"index":"index","follow":"follow","max-snippet":"max-snippet:-1","max-image-preview":"max-image-preview:large","max-video-preview":"max-video-preview:-1"},"canonical":"https:\/\/ferranporta.eu\/tourism\/itineri-de\/","og_locale":"es_ES","og_type":"article","og_title":"itineri.de - ferranporta.eu","og_description":"Fue en los a\u00f1os noventa cuando pis\u00e9 Berl\u00edn por primeva vez. Los checkpoints ya hab\u00edan perdido su funci\u00f3n y buena parte del Muro hab\u00eda desaparecido \u2014 hecho migajas y vendido en cajitas. A\u00fan as\u00ed, la huella de d\u00e9cadas de divisi\u00f3n estaba presente en cada rinc\u00f3n. Berl\u00edn estaba por (re)construir pero me fascin\u00f3 en cuanto pis\u00e9&hellip;&nbsp;Leer m\u00e1s &raquo;itineri.de","og_url":"https:\/\/ferranporta.eu\/tourism\/itineri-de\/","og_site_name":"ferranporta.eu","article_modified_time":"2024-02-19T15:28:17+00:00","og_image":[{"url":"https:\/\/ferranporta.eu\/wp-content\/uploads\/2021\/02\/Caixeta-amb-mur-de-Berlin-300x214.jpg"}],"twitter_card":"summary_large_image","twitter_misc":{"Tiempo de lectura":"2 minutos"},"schema":{"@context":"https:\/\/schema.org","@graph":[{"@type":"WebPage","@id":"https:\/\/ferranporta.eu\/tourism\/itineri-de\/","url":"https:\/\/ferranporta.eu\/tourism\/itineri-de\/","name":"itineri.de - ferranporta.eu","isPartOf":{"@id":"https:\/\/ferranporta.eu\/de\/#website"},"primaryImageOfPage":{"@id":"https:\/\/ferranporta.eu\/tourism\/itineri-de\/#primaryimage"},"image":{"@id":"https:\/\/ferranporta.eu\/tourism\/itineri-de\/#primaryimage"},"thumbnailUrl":"https:\/\/ferranporta.eu\/wp-content\/uploads\/2021\/02\/Caixeta-amb-mur-de-Berlin-300x214.jpg","datePublished":"2021-01-25T13:28:37+00:00","dateModified":"2024-02-19T15:28:17+00:00","breadcrumb":{"@id":"https:\/\/ferranporta.eu\/tourism\/itineri-de\/#breadcrumb"},"inLanguage":"es","potentialAction":[{"@type":"ReadAction","target":["https:\/\/ferranporta.eu\/tourism\/itineri-de\/"]}]},{"@type":"ImageObject","inLanguage":"es","@id":"https:\/\/ferranporta.eu\/tourism\/itineri-de\/#primaryimage","url":"https:\/\/ferranporta.eu\/wp-content\/uploads\/2021\/02\/Caixeta-amb-mur-de-Berlin-300x214.jpg","contentUrl":"https:\/\/ferranporta.eu\/wp-content\/uploads\/2021\/02\/Caixeta-amb-mur-de-Berlin-300x214.jpg"},{"@type":"BreadcrumbList","@id":"https:\/\/ferranporta.eu\/tourism\/itineri-de\/#breadcrumb","itemListElement":[{"@type":"ListItem","position":1,"name":"Home","item":"https:\/\/ferranporta.eu\/"},{"@type":"ListItem","position":2,"name":"Un m\u00f3n per descobrir","item":"https:\/\/ferranporta.eu\/tourism\/"},{"@type":"ListItem","position":3,"name":"itineri.de"}]},{"@type":"WebSite","@id":"https:\/\/ferranporta.eu\/de\/#website","url":"https:\/\/ferranporta.eu\/de\/","name":"ferranporta.eu","description":"Periodista y diplomado en Turismo","potentialAction":[{"@type":"SearchAction","target":{"@type":"EntryPoint","urlTemplate":"https:\/\/ferranporta.eu\/de\/?s={search_term_string}"},"query-input":{"@type":"PropertyValueSpecification","valueRequired":true,"valueName":"search_term_string"}}],"inLanguage":"es"}]}},"_links":{"self":[{"href":"https:\/\/ferranporta.eu\/es\/wp-json\/wp\/v2\/pages\/8923"}],"collection":[{"href":"https:\/\/ferranporta.eu\/es\/wp-json\/wp\/v2\/pages"}],"about":[{"href":"https:\/\/ferranporta.eu\/es\/wp-json\/wp\/v2\/types\/page"}],"author":[{"embeddable":true,"href":"https:\/\/ferranporta.eu\/es\/wp-json\/wp\/v2\/users\/1"}],"replies":[{"embeddable":true,"href":"https:\/\/ferranporta.eu\/es\/wp-json\/wp\/v2\/comments?post=8923"}],"version-history":[{"count":123,"href":"https:\/\/ferranporta.eu\/es\/wp-json\/wp\/v2\/pages\/8923\/revisions"}],"predecessor-version":[{"id":12275,"href":"https:\/\/ferranporta.eu\/es\/wp-json\/wp\/v2\/pages\/8923\/revisions\/12275"}],"up":[{"embeddable":true,"href":"https:\/\/ferranporta.eu\/es\/wp-json\/wp\/v2\/pages\/10830"}],"wp:attachment":[{"href":"https:\/\/ferranporta.eu\/es\/wp-json\/wp\/v2\/media?parent=8923"}],"curies":[{"name":"wp","href":"https:\/\/api.w.org\/{rel}","templated":true}]}}