{"id":9593,"date":"2021-02-09T07:34:34","date_gmt":"2021-02-09T06:34:34","guid":{"rendered":"https:\/\/ferranporta.eu\/?page_id=9593"},"modified":"2024-02-19T17:47:02","modified_gmt":"2024-02-19T15:47:02","slug":"munic","status":"publish","type":"page","link":"https:\/\/ferranporta.eu\/es\/tourism\/itineri-de\/munic\/","title":{"rendered":"M\u00fanich"},"content":{"rendered":"<p><span style=\"color: #000000;\">Desde <span style=\"color: #008000;\"><strong>itineri.de<\/strong><\/span> le ofrecemos una visita guiada por <\/span><a href=\"https:\/\/www.muenchen.de\/int\/en.html\" target=\"_blank\" rel=\"noopener\">M\u00fanich<\/a><span style=\"color: #000000;\">, la capital de Baviera. Prep\u00e1rese para descubrir edificios hist\u00f3ricos como el espectacular Nuevo Ayuntamiento (<\/span><a href=\"http:\/\/www.muenchen.de\/int\/en\/sights\/attractions\/new-town-hall-neues-rathaus.html\" target=\"_blank\" rel=\"noopener\">Neues Rathaus<\/a><span style=\"color: #000000;\">) neog\u00f3tico, situado en la c\u00e9ntrica Marienplatz. O la<\/span> <a href=\"http:\/\/www.residenz-muenchen.de\/englisch\/museum\/index.htm\" target=\"_blank\" rel=\"noopener\">Residencia<\/a><span style=\"color: #000000;\">, una fant\u00e1stica mezcla de estilos arquitect\u00f3nicos que fue, tiempo atr\u00e1s, el palacio de los reyes b\u00e1varos. Cuesta decidir cu\u00e1l de sus salas es m\u00e1s bonita pero la llamada Antiquarium, se lo garantizamos, \u00a1le dejar\u00e1 con la boca abierta!<\/span><\/p>\n<p><iframe src=\"https:\/\/www.youtube.com\/embed\/Hqh1I4CzAbY\" width=\"560\" height=\"315\" frameborder=\"0\" allowfullscreen=\"allowfullscreen\"><\/iframe><\/p>\n<h4><span style=\"color: #ff6600;\">La propuesta de itineri.de para descubrirle M\u00fanich<\/span><\/h4>\n<p><span style=\"color: #000000;\">Paseando, le explicaremos la evoluci\u00f3n de la ciudad desde sus or\u00edgenes, en el siglo XII, hasta nuestros d\u00edas. Aspectos hist\u00f3ricos, como el papel que desempe\u00f1\u00f3 la ciudad durante el ascenso del nazismo, en los a\u00f1os 20, y tambi\u00e9n culturales, entre otros con la famosa <\/span><a href=\"http:\/\/www.oktoberfest.de\/en\/\" target=\"_blank\" rel=\"noopener\">Oktoberfest<\/a><span style=\"color: #000000;\">, esperada y celebrada cada a\u00f1o por miles de aficionados a la cerveza.<\/span><\/p>\n<p><span style=\"color: #000000;\"><span style=\"color: #ff0000;\"><strong>\u25ba<\/strong><\/span> tour guiado<\/span><br \/>\n<span style=\"color: #000000;\"><span style=\"color: #ff0000;\"><strong> \u25ba<\/strong><\/span> tiene a su disposici\u00f3n nuestro tel\u00e9fono m\u00f3vil para que nos pueda localizar en cualquier momento de su estancia, si necesita un m\u00e9dico, no encuentra un restaurante determinado o la sala de conciertos a la que se dirige. Ll\u00e1menos ante cualquier eventualidad, \u00a1es parte de nuestro servicio!<\/span><br \/>\n<span style=\"color: #000000;\"><strong><span style=\"color: #ff0000;\"> \u25ba<\/span><\/strong> qu\u00e9 abono de transporte le interesa m\u00e1s, los horarios de los museos, las actividades que puede hacer en Berl\u00edn para aprovechar al m\u00e1ximo su estancia en la ciudad. Toda la informaci\u00f3n que necesite \u00a1antes de iniciar su viaje!<\/span><\/p>\n<p><span style=\"color: #000000;\">Cuando visite M\u00fanich, tenga tambi\u00e9n en cuenta nuestra oferta complementaria. Con <span style=\"color: #008000;\"><strong>itineri.de<\/strong><\/span> puede contratar visitas comentadas a alguno de los <a href=\"https:\/\/ferranporta.eu\/es\/tourism\/itineri-de\/munic-neuschwanstein\/\" target=\"_blank\" rel=\"noopener\">castillos<\/a> m\u00e1s espectaculares de Baviera, \u00a1as\u00ed como a la ciudad de <a href=\"https:\/\/ferranporta.eu\/es\/tourism\/itineri-de\/salzburg\/\" target=\"_blank\" rel=\"noopener\">Salzburgo<\/a>, en Austria!<\/span><\/p>\n<p><span style=\"color: #000000;\">\u2139 Cont\u00e1ctenos por mail \u00a1y nos vemos en M\u00fanich!<\/span><br \/>\n<a href=\"https:\/\/ferranporta.eu\/wp-content\/uploads\/2019\/03\/Logo-itineri-en-format-JPG.png\"><img decoding=\"async\" class=\"alignleft wp-image-6979 size-medium\" src=\"https:\/\/ferranporta.eu\/wp-content\/uploads\/2019\/03\/Logo-itineri-en-format-JPG-300x74.png\" alt=\"\" width=\"300\" height=\"74\" srcset=\"https:\/\/ferranporta.eu\/wp-content\/uploads\/2019\/03\/Logo-itineri-en-format-JPG-300x74.png 300w, https:\/\/ferranporta.eu\/wp-content\/uploads\/2019\/03\/Logo-itineri-en-format-JPG-768x191.png 768w, https:\/\/ferranporta.eu\/wp-content\/uploads\/2019\/03\/Logo-itineri-en-format-JPG-1024x254.png 1024w, https:\/\/ferranporta.eu\/wp-content\/uploads\/2019\/03\/Logo-itineri-en-format-JPG.png 1527w\" sizes=\"(max-width: 300px) 100vw, 300px\" \/><\/a><\/p>","protected":false},"excerpt":{"rendered":"<p>Desde itineri.de le ofrecemos una visita guiada por M\u00fanich, la capital de Baviera. Prep\u00e1rese para descubrir edificios hist\u00f3ricos como el espectacular Nuevo Ayuntamiento (Neues Rathaus) neog\u00f3tico, situado en la c\u00e9ntrica Marienplatz. O la Residencia, una fant\u00e1stica mezcla de estilos arquitect\u00f3nicos que fue, tiempo atr\u00e1s, el palacio de los reyes b\u00e1varos. Cuesta decidir cu\u00e1l de sus&hellip;&nbsp;<a href=\"https:\/\/ferranporta.eu\/es\/tourism\/itineri-de\/munic\/\" class=\"\" rel=\"bookmark\">Leer m\u00e1s &raquo;<span class=\"screen-reader-text\">M\u00fanich<\/span><\/a><\/p>\n","protected":false},"author":1,"featured_media":6198,"parent":8923,"menu_order":8,"comment_status":"closed","ping_status":"closed","template":"","meta":{"_monsterinsights_skip_tracking":false,"_monsterinsights_sitenote_active":false,"_monsterinsights_sitenote_note":"","_monsterinsights_sitenote_category":0,"neve_meta_sidebar":"","neve_meta_container":"","neve_meta_enable_content_width":"off","neve_meta_content_width":100,"neve_meta_title_alignment":"","neve_meta_author_avatar":"","neve_post_elements_order":"","neve_meta_disable_header":"","neve_meta_disable_footer":"","neve_meta_disable_title":"","footnotes":"","_joinchat":[]},"yoast_head":"<!-- This site is optimized with the Yoast SEO plugin v23.5 - https:\/\/yoast.com\/wordpress\/plugins\/seo\/ -->\n<title>M\u00fanich - ferranporta.eu<\/title>\n<meta name=\"robots\" content=\"index, follow, max-snippet:-1, max-image-preview:large, max-video-preview:-1\" \/>\n<link rel=\"canonical\" href=\"https:\/\/ferranporta.eu\/tourism\/itineri-de\/munic\/\" \/>\n<meta property=\"og:locale\" content=\"es_ES\" \/>\n<meta property=\"og:type\" content=\"article\" \/>\n<meta property=\"og:title\" content=\"[:CA]Munic[:es]M\u00fanich[:de]M\u00fcnchen[:en]Munich[:] - ferranporta.eu\" \/>\n<meta property=\"og:description\" content=\"Desde itineri.de le ofrecemos una visita guiada por M\u00fanich, la capital de Baviera. Prep\u00e1rese para descubrir edificios hist\u00f3ricos como el espectacular Nuevo Ayuntamiento (Neues Rathaus) neog\u00f3tico, situado en la c\u00e9ntrica Marienplatz. O la Residencia, una fant\u00e1stica mezcla de estilos arquitect\u00f3nicos que fue, tiempo atr\u00e1s, el palacio de los reyes b\u00e1varos. Cuesta decidir cu\u00e1l de sus&hellip;&nbsp;Leer m\u00e1s &raquo;M\u00fanich\" \/>\n<meta property=\"og:url\" content=\"https:\/\/ferranporta.eu\/tourism\/itineri-de\/munic\/\" \/>\n<meta property=\"og:site_name\" content=\"ferranporta.eu\" \/>\n<meta property=\"article:modified_time\" content=\"2024-02-19T15:47:02+00:00\" \/>\n<meta property=\"og:image\" content=\"https:\/\/ferranporta.eu\/wp-content\/uploads\/2017\/06\/08.-Munic.jpg\" \/>\n\t<meta property=\"og:image:width\" content=\"700\" \/>\n\t<meta property=\"og:image:height\" content=\"700\" \/>\n\t<meta property=\"og:image:type\" content=\"image\/jpeg\" \/>\n<meta name=\"twitter:card\" content=\"summary_large_image\" \/>\n<meta name=\"twitter:label1\" content=\"Tiempo de lectura\" \/>\n\t<meta name=\"twitter:data1\" content=\"2 minutos\" \/>\n<script type=\"application\/ld+json\" class=\"yoast-schema-graph\">{\"@context\":\"https:\/\/schema.org\",\"@graph\":[{\"@type\":\"WebPage\",\"@id\":\"https:\/\/ferranporta.eu\/tourism\/itineri-de\/munic\/\",\"url\":\"https:\/\/ferranporta.eu\/tourism\/itineri-de\/munic\/\",\"name\":\"[:CA]Munic[:es]M\u00fanich[:de]M\u00fcnchen[:en]Munich[:] - ferranporta.eu\",\"isPartOf\":{\"@id\":\"https:\/\/ferranporta.eu\/de\/#website\"},\"primaryImageOfPage\":{\"@id\":\"https:\/\/ferranporta.eu\/tourism\/itineri-de\/munic\/#primaryimage\"},\"image\":{\"@id\":\"https:\/\/ferranporta.eu\/tourism\/itineri-de\/munic\/#primaryimage\"},\"thumbnailUrl\":\"https:\/\/ferranporta.eu\/wp-content\/uploads\/2017\/06\/08.-Munic.jpg\",\"datePublished\":\"2021-02-09T06:34:34+00:00\",\"dateModified\":\"2024-02-19T15:47:02+00:00\",\"breadcrumb\":{\"@id\":\"https:\/\/ferranporta.eu\/tourism\/itineri-de\/munic\/#breadcrumb\"},\"inLanguage\":\"es\",\"potentialAction\":[{\"@type\":\"ReadAction\",\"target\":[\"https:\/\/ferranporta.eu\/tourism\/itineri-de\/munic\/\"]}]},{\"@type\":\"ImageObject\",\"inLanguage\":\"es\",\"@id\":\"https:\/\/ferranporta.eu\/tourism\/itineri-de\/munic\/#primaryimage\",\"url\":\"https:\/\/ferranporta.eu\/wp-content\/uploads\/2017\/06\/08.-Munic.jpg\",\"contentUrl\":\"https:\/\/ferranporta.eu\/wp-content\/uploads\/2017\/06\/08.-Munic.jpg\",\"width\":700,\"height\":700},{\"@type\":\"BreadcrumbList\",\"@id\":\"https:\/\/ferranporta.eu\/tourism\/itineri-de\/munic\/#breadcrumb\",\"itemListElement\":[{\"@type\":\"ListItem\",\"position\":1,\"name\":\"Home\",\"item\":\"https:\/\/ferranporta.eu\/\"},{\"@type\":\"ListItem\",\"position\":2,\"name\":\"Un m\u00f3n per descobrir\",\"item\":\"https:\/\/ferranporta.eu\/tourism\/\"},{\"@type\":\"ListItem\",\"position\":3,\"name\":\"itineri.de\",\"item\":\"https:\/\/ferranporta.eu\/tourism\/itineri-de\/\"},{\"@type\":\"ListItem\",\"position\":4,\"name\":\"Munic\"}]},{\"@type\":\"WebSite\",\"@id\":\"https:\/\/ferranporta.eu\/de\/#website\",\"url\":\"https:\/\/ferranporta.eu\/de\/\",\"name\":\"ferranporta.eu\",\"description\":\"Periodista y diplomado en Turismo\",\"potentialAction\":[{\"@type\":\"SearchAction\",\"target\":{\"@type\":\"EntryPoint\",\"urlTemplate\":\"https:\/\/ferranporta.eu\/de\/?s={search_term_string}\"},\"query-input\":{\"@type\":\"PropertyValueSpecification\",\"valueRequired\":true,\"valueName\":\"search_term_string\"}}],\"inLanguage\":\"es\"}]}<\/script>\n<!-- \/ Yoast SEO plugin. -->","yoast_head_json":{"title":"[:CA]Munic[:es]M\u00fanich[:de]M\u00fcnchen[:en]Munich[:] - ferranporta.eu","robots":{"index":"index","follow":"follow","max-snippet":"max-snippet:-1","max-image-preview":"max-image-preview:large","max-video-preview":"max-video-preview:-1"},"canonical":"https:\/\/ferranporta.eu\/tourism\/itineri-de\/munic\/","og_locale":"es_ES","og_type":"article","og_title":"[:CA]Munic[:es]M\u00fanich[:de]M\u00fcnchen[:en]Munich[:] - ferranporta.eu","og_description":"Desde itineri.de le ofrecemos una visita guiada por M\u00fanich, la capital de Baviera. Prep\u00e1rese para descubrir edificios hist\u00f3ricos como el espectacular Nuevo Ayuntamiento (Neues Rathaus) neog\u00f3tico, situado en la c\u00e9ntrica Marienplatz. O la Residencia, una fant\u00e1stica mezcla de estilos arquitect\u00f3nicos que fue, tiempo atr\u00e1s, el palacio de los reyes b\u00e1varos. Cuesta decidir cu\u00e1l de sus&hellip;&nbsp;Leer m\u00e1s &raquo;M\u00fanich","og_url":"https:\/\/ferranporta.eu\/tourism\/itineri-de\/munic\/","og_site_name":"ferranporta.eu","article_modified_time":"2024-02-19T15:47:02+00:00","og_image":[{"width":700,"height":700,"url":"https:\/\/ferranporta.eu\/wp-content\/uploads\/2017\/06\/08.-Munic.jpg","type":"image\/jpeg"}],"twitter_card":"summary_large_image","twitter_misc":{"Tiempo de lectura":"2 minutos"},"schema":{"@context":"https:\/\/schema.org","@graph":[{"@type":"WebPage","@id":"https:\/\/ferranporta.eu\/tourism\/itineri-de\/munic\/","url":"https:\/\/ferranporta.eu\/tourism\/itineri-de\/munic\/","name":"[:CA]Munic[:es]M\u00fanich[:de]M\u00fcnchen[:en]Munich[:] - ferranporta.eu","isPartOf":{"@id":"https:\/\/ferranporta.eu\/de\/#website"},"primaryImageOfPage":{"@id":"https:\/\/ferranporta.eu\/tourism\/itineri-de\/munic\/#primaryimage"},"image":{"@id":"https:\/\/ferranporta.eu\/tourism\/itineri-de\/munic\/#primaryimage"},"thumbnailUrl":"https:\/\/ferranporta.eu\/wp-content\/uploads\/2017\/06\/08.-Munic.jpg","datePublished":"2021-02-09T06:34:34+00:00","dateModified":"2024-02-19T15:47:02+00:00","breadcrumb":{"@id":"https:\/\/ferranporta.eu\/tourism\/itineri-de\/munic\/#breadcrumb"},"inLanguage":"es","potentialAction":[{"@type":"ReadAction","target":["https:\/\/ferranporta.eu\/tourism\/itineri-de\/munic\/"]}]},{"@type":"ImageObject","inLanguage":"es","@id":"https:\/\/ferranporta.eu\/tourism\/itineri-de\/munic\/#primaryimage","url":"https:\/\/ferranporta.eu\/wp-content\/uploads\/2017\/06\/08.-Munic.jpg","contentUrl":"https:\/\/ferranporta.eu\/wp-content\/uploads\/2017\/06\/08.-Munic.jpg","width":700,"height":700},{"@type":"BreadcrumbList","@id":"https:\/\/ferranporta.eu\/tourism\/itineri-de\/munic\/#breadcrumb","itemListElement":[{"@type":"ListItem","position":1,"name":"Home","item":"https:\/\/ferranporta.eu\/"},{"@type":"ListItem","position":2,"name":"Un m\u00f3n per descobrir","item":"https:\/\/ferranporta.eu\/tourism\/"},{"@type":"ListItem","position":3,"name":"itineri.de","item":"https:\/\/ferranporta.eu\/tourism\/itineri-de\/"},{"@type":"ListItem","position":4,"name":"Munic"}]},{"@type":"WebSite","@id":"https:\/\/ferranporta.eu\/de\/#website","url":"https:\/\/ferranporta.eu\/de\/","name":"ferranporta.eu","description":"Periodista y diplomado en Turismo","potentialAction":[{"@type":"SearchAction","target":{"@type":"EntryPoint","urlTemplate":"https:\/\/ferranporta.eu\/de\/?s={search_term_string}"},"query-input":{"@type":"PropertyValueSpecification","valueRequired":true,"valueName":"search_term_string"}}],"inLanguage":"es"}]}},"_links":{"self":[{"href":"https:\/\/ferranporta.eu\/es\/wp-json\/wp\/v2\/pages\/9593"}],"collection":[{"href":"https:\/\/ferranporta.eu\/es\/wp-json\/wp\/v2\/pages"}],"about":[{"href":"https:\/\/ferranporta.eu\/es\/wp-json\/wp\/v2\/types\/page"}],"author":[{"embeddable":true,"href":"https:\/\/ferranporta.eu\/es\/wp-json\/wp\/v2\/users\/1"}],"replies":[{"embeddable":true,"href":"https:\/\/ferranporta.eu\/es\/wp-json\/wp\/v2\/comments?post=9593"}],"version-history":[{"count":21,"href":"https:\/\/ferranporta.eu\/es\/wp-json\/wp\/v2\/pages\/9593\/revisions"}],"predecessor-version":[{"id":12283,"href":"https:\/\/ferranporta.eu\/es\/wp-json\/wp\/v2\/pages\/9593\/revisions\/12283"}],"up":[{"embeddable":true,"href":"https:\/\/ferranporta.eu\/es\/wp-json\/wp\/v2\/pages\/8923"}],"wp:featuredmedia":[{"embeddable":true,"href":"https:\/\/ferranporta.eu\/es\/wp-json\/wp\/v2\/media\/6198"}],"wp:attachment":[{"href":"https:\/\/ferranporta.eu\/es\/wp-json\/wp\/v2\/media?parent=9593"}],"curies":[{"name":"wp","href":"https:\/\/api.w.org\/{rel}","templated":true}]}}